{"id":973,"date":"2023-08-31T12:36:06","date_gmt":"2023-08-31T12:36:06","guid":{"rendered":"https:\/\/www.brkola.cz\/?page_id=973"},"modified":"2025-12-01T19:46:46","modified_gmt":"2025-12-01T19:46:46","slug":"kontakt","status":"publish","type":"page","link":"https:\/\/www.brkola.cz\/?page_id=973","title":{"rendered":"Kontakt"},"content":{"rendered":"\n<p style=\"padding-top:0;padding-bottom:0\"><strong>Brkola, s. r. o.<\/strong><\/p>\n\n\n\n<p class=\"has-medium-font-size\" style=\"padding-top:0;padding-bottom:0\"><\/p>\n\n\n\n<p style=\"padding-top:0;padding-bottom:0\">Pplk. Sochora 36<br>170 00 PRAHA 7<\/p>\n\n\n\n<p><\/p>\n\n\n\n<p style=\"padding-top:0;padding-bottom:0\">I\u010c: 27403327<br><br><\/p>\n\n\n\n<p><\/p>\n\n\n\n<figure class=\"wp-block-image size-full is-resized\"><a href=\"https:\/\/maps.app.goo.gl\/vBQqLa9dppERpCeu6\"><img loading=\"lazy\" decoding=\"async\" width=\"606\" height=\"458\" src=\"https:\/\/www.brkola.cz\/wp-content\/uploads\/2024\/02\/mapa.jpg\" alt=\"\" class=\"wp-image-1280\" style=\"width:650px;height:auto\" srcset=\"https:\/\/www.brkola.cz\/wp-content\/uploads\/2024\/02\/mapa.jpg 606w, https:\/\/www.brkola.cz\/wp-content\/uploads\/2024\/02\/mapa-300x227.jpg 300w, https:\/\/www.brkola.cz\/wp-content\/uploads\/2024\/02\/mapa-600x453.jpg 600w, https:\/\/www.brkola.cz\/wp-content\/uploads\/2024\/02\/mapa-64x48.jpg 64w\" sizes=\"auto, (max-width: 606px) 100vw, 606px\" \/><\/a><\/figure>\n\n\n\n<figure data-wp-context=\"{&quot;imageId&quot;:&quot;69f49a2d6cafa&quot;}\" data-wp-interactive=\"core\/image\" data-wp-key=\"69f49a2d6cafa\" class=\"wp-block-image size-large wp-lightbox-container\"><img loading=\"lazy\" decoding=\"async\" width=\"1024\" height=\"463\" data-wp-class--hide=\"state.isContentHidden\" data-wp-class--show=\"state.isContentVisible\" data-wp-init=\"callbacks.setButtonStyles\" data-wp-on--click=\"actions.showLightbox\" data-wp-on--load=\"callbacks.setButtonStyles\" data-wp-on-window--resize=\"callbacks.setButtonStyles\" src=\"https:\/\/www.brkola.cz\/wp-content\/uploads\/2024\/02\/o-nas-3-1024x463.jpg\" alt=\"\" class=\"wp-image-1242\" srcset=\"https:\/\/www.brkola.cz\/wp-content\/uploads\/2024\/02\/o-nas-3-1024x463.jpg 1024w, https:\/\/www.brkola.cz\/wp-content\/uploads\/2024\/02\/o-nas-3-300x136.jpg 300w, https:\/\/www.brkola.cz\/wp-content\/uploads\/2024\/02\/o-nas-3-768x348.jpg 768w, https:\/\/www.brkola.cz\/wp-content\/uploads\/2024\/02\/o-nas-3-1320x597.jpg 1320w, https:\/\/www.brkola.cz\/wp-content\/uploads\/2024\/02\/o-nas-3-600x272.jpg 600w, https:\/\/www.brkola.cz\/wp-content\/uploads\/2024\/02\/o-nas-3-64x29.jpg 64w, https:\/\/www.brkola.cz\/wp-content\/uploads\/2024\/02\/o-nas-3.jpg 1392w\" sizes=\"auto, (max-width: 1024px) 100vw, 1024px\" \/><button\n\t\t\tclass=\"lightbox-trigger\"\n\t\t\ttype=\"button\"\n\t\t\taria-haspopup=\"dialog\"\n\t\t\taria-label=\"Zv\u011bt\u0161it\"\n\t\t\tdata-wp-init=\"callbacks.initTriggerButton\"\n\t\t\tdata-wp-on--click=\"actions.showLightbox\"\n\t\t\tdata-wp-style--right=\"state.imageButtonRight\"\n\t\t\tdata-wp-style--top=\"state.imageButtonTop\"\n\t\t>\n\t\t\t<svg xmlns=\"http:\/\/www.w3.org\/2000\/svg\" width=\"12\" height=\"12\" fill=\"none\" viewBox=\"0 0 12 12\">\n\t\t\t\t<path fill=\"#fff\" d=\"M2 0a2 2 0 0 0-2 2v2h1.5V2a.5.5 0 0 1 .5-.5h2V0H2Zm2 10.5H2a.5.5 0 0 1-.5-.5V8H0v2a2 2 0 0 0 2 2h2v-1.5ZM8 12v-1.5h2a.5.5 0 0 0 .5-.5V8H12v2a2 2 0 0 1-2 2H8Zm2-12a2 2 0 0 1 2 2v2h-1.5V2a.5.5 0 0 0-.5-.5H8V0h2Z\" \/>\n\t\t\t<\/svg>\n\t\t<\/button><figcaption class=\"wp-element-caption\">Kudy k n\u00e1m&#8230;<\/figcaption><\/figure>\n\n\n\n<div style=\"height:35px\" aria-hidden=\"true\" class=\"wp-block-spacer\"><\/div>\n\n\n\n<p style=\"padding-top:0;padding-bottom:0\"><\/p>\n\n\n\n<div class=\"wp-block-columns is-layout-flex wp-container-core-columns-is-layout-28f84493 wp-block-columns-is-layout-flex\">\n<div class=\"wp-block-column is-layout-flow wp-block-column-is-layout-flow\" style=\"flex-basis:34%\">\n<figure class=\"wp-block-image\"><img loading=\"lazy\" decoding=\"async\" width=\"1024\" height=\"1024\" src=\"https:\/\/www.brkola.cz\/wp-content\/uploads\/2024\/02\/vaclav-zimmermann0-1024x1024.jpg\" alt=\"\" class=\"wp-image-1257\" style=\"aspect-ratio:1;object-fit:cover\" srcset=\"https:\/\/www.brkola.cz\/wp-content\/uploads\/2024\/02\/vaclav-zimmermann0-1024x1024.jpg 1024w, https:\/\/www.brkola.cz\/wp-content\/uploads\/2024\/02\/vaclav-zimmermann0-300x300.jpg 300w, https:\/\/www.brkola.cz\/wp-content\/uploads\/2024\/02\/vaclav-zimmermann0-150x150.jpg 150w, https:\/\/www.brkola.cz\/wp-content\/uploads\/2024\/02\/vaclav-zimmermann0-768x767.jpg 768w, https:\/\/www.brkola.cz\/wp-content\/uploads\/2024\/02\/vaclav-zimmermann0-450x450.jpg 450w, https:\/\/www.brkola.cz\/wp-content\/uploads\/2024\/02\/vaclav-zimmermann0-600x599.jpg 600w, https:\/\/www.brkola.cz\/wp-content\/uploads\/2024\/02\/vaclav-zimmermann0-100x100.jpg 100w, https:\/\/www.brkola.cz\/wp-content\/uploads\/2024\/02\/vaclav-zimmermann0-64x64.jpg 64w, https:\/\/www.brkola.cz\/wp-content\/uploads\/2024\/02\/vaclav-zimmermann0.jpg 1097w\" sizes=\"auto, (max-width: 1024px) 100vw, 1024px\" \/><\/figure>\n<\/div>\n\n\n\n<div class=\"wp-block-column is-layout-flow wp-block-column-is-layout-flow\" style=\"flex-basis:66%\">\n<p><strong>E-shop<br><\/strong>V\u00e1clav Zimmermann<br><em>objedn\u00e1vky, reklamace<\/em><br>e-mail: obchod@brkola.cz<br>tel.: +420 725 049 158<\/p>\n\n\n\n<div style=\"height:66px\" aria-hidden=\"true\" class=\"wp-block-spacer\"><\/div>\n<\/div>\n<\/div>\n\n\n\n<div class=\"wp-block-columns is-layout-flex wp-container-core-columns-is-layout-28f84493 wp-block-columns-is-layout-flex\">\n<div class=\"wp-block-column is-layout-flow wp-block-column-is-layout-flow\" style=\"flex-basis:34%\">\n<figure class=\"wp-block-image\"><img loading=\"lazy\" decoding=\"async\" width=\"649\" height=\"649\" src=\"https:\/\/www.brkola.cz\/wp-content\/uploads\/2024\/02\/Michal-Cunderle2.jpg\" alt=\"\" class=\"wp-image-1258\" srcset=\"https:\/\/www.brkola.cz\/wp-content\/uploads\/2024\/02\/Michal-Cunderle2.jpg 649w, https:\/\/www.brkola.cz\/wp-content\/uploads\/2024\/02\/Michal-Cunderle2-300x300.jpg 300w, https:\/\/www.brkola.cz\/wp-content\/uploads\/2024\/02\/Michal-Cunderle2-150x150.jpg 150w, https:\/\/www.brkola.cz\/wp-content\/uploads\/2024\/02\/Michal-Cunderle2-450x450.jpg 450w, https:\/\/www.brkola.cz\/wp-content\/uploads\/2024\/02\/Michal-Cunderle2-600x600.jpg 600w, https:\/\/www.brkola.cz\/wp-content\/uploads\/2024\/02\/Michal-Cunderle2-100x100.jpg 100w, https:\/\/www.brkola.cz\/wp-content\/uploads\/2024\/02\/Michal-Cunderle2-64x64.jpg 64w\" sizes=\"auto, (max-width: 649px) 100vw, 649px\" \/><\/figure>\n<\/div>\n\n\n\n<div class=\"wp-block-column is-layout-flow wp-block-column-is-layout-flow\" style=\"flex-basis:66%\">\n<p><strong>Nakladatelstv\u00ed<\/strong><br>Michal \u010cunderle<br>e-mail: nakladatelstvi@brkola.cz<\/p>\n<\/div>\n<\/div>\n\n\n\n<div class=\"wp-block-group is-layout-constrained wp-block-group-is-layout-constrained\"><\/div>\n\n\n\n<figure class=\"wp-block-image size-large\"><img decoding=\"async\" src=\"https:\/\/maps.app.goo.gl\/9Z5ra6PuDTUewR7c8\" alt=\"\"\/><\/figure>\n","protected":false},"excerpt":{"rendered":"<p>Brkola, s. r. o. Pplk. Sochora 36170 00 PRAHA 7 I\u010c: 27403327 E-shopV\u00e1clav Zimmermannobjedn\u00e1vky, reklamacee-mail: obchod@brkola.cztel.: +420 725 049 158 Nakladatelstv\u00edMichal \u010cunderlee-mail: nakladatelstvi@brkola.cz<\/p>\n","protected":false},"author":1,"featured_media":0,"parent":0,"menu_order":0,"comment_status":"closed","ping_status":"closed","template":"","meta":{"inline_featured_image":false,"spay_email":"","footnotes":""},"class_list":["post-973","page","type-page","status-publish","hentry"],"_links":{"self":[{"href":"https:\/\/www.brkola.cz\/index.php?rest_route=\/wp\/v2\/pages\/973","targetHints":{"allow":["GET"]}}],"collection":[{"href":"https:\/\/www.brkola.cz\/index.php?rest_route=\/wp\/v2\/pages"}],"about":[{"href":"https:\/\/www.brkola.cz\/index.php?rest_route=\/wp\/v2\/types\/page"}],"author":[{"embeddable":true,"href":"https:\/\/www.brkola.cz\/index.php?rest_route=\/wp\/v2\/users\/1"}],"replies":[{"embeddable":true,"href":"https:\/\/www.brkola.cz\/index.php?rest_route=%2Fwp%2Fv2%2Fcomments&post=973"}],"version-history":[{"count":54,"href":"https:\/\/www.brkola.cz\/index.php?rest_route=\/wp\/v2\/pages\/973\/revisions"}],"predecessor-version":[{"id":1620,"href":"https:\/\/www.brkola.cz\/index.php?rest_route=\/wp\/v2\/pages\/973\/revisions\/1620"}],"wp:attachment":[{"href":"https:\/\/www.brkola.cz\/index.php?rest_route=%2Fwp%2Fv2%2Fmedia&parent=973"}],"curies":[{"name":"wp","href":"https:\/\/api.w.org\/{rel}","templated":true}]}}