{"id":1083,"date":"2023-12-04T11:59:02","date_gmt":"2023-12-04T11:59:02","guid":{"rendered":"https:\/\/www.brkola.cz\/?post_type=product&#038;p=1083"},"modified":"2026-01-02T10:29:33","modified_gmt":"2026-01-02T10:29:33","slug":"diviska-a-cerveny-provazek","status":"publish","type":"product","link":"https:\/\/www.brkola.cz\/?product=diviska-a-cerveny-provazek","title":{"rendered":"Divi\u0161ka a \u010derven\u00fd prov\u00e1zek"},"content":{"rendered":"<p>Rok vyd\u00e1n\u00ed: 2024<br \/>\nPo\u010det stran: 88<br \/>\nVazba: pevn\u00e1<br \/>\nRozm\u011bry: 30 x 21 cm<\/p>\n","protected":false},"excerpt":{"rendered":"<p>Bydlet sama uprost\u0159ed Antarktidy nen\u00ed \u017e\u00e1dn\u00e1 poh\u00e1dka. Divi\u0161ka by v\u00e1m o tom \u0159ekla sv\u00e9. Lep\u0161\u00ed je sed\u011bt v teple, na mr\u00e1z koukat jenom oknem a fantaz\u00edrovat. Jen\u017ee kdy\u017e jednoho dne vis\u00ed p\u0159ed va\u0161\u00ed chaloupkou \u010derveny\u0301 prov\u00e1zek, mus\u00edte prost\u011b ven, abyste zjistili, co se d\u011bje. Mo\u017en\u00e1 se p\u0159i tom s n\u011bk\u00fdm sezn\u00e1m\u00edte. T\u0159eba s medv\u011bdem Igorem anebo s opern\u00edm tu\u010d\u0148\u00e1kem Jedni\u010dkou\u2026 A o kamar\u00e1dstv\u00ed, zv\u011bdavosti a fantazii vypr\u00e1v\u00ed tato kn\u00ed\u017eka pro d\u011bti od p\u011bti p\u0159edev\u0161\u00edm.<\/p>\n<p>B\u00e1ra Purmov\u00e1 (1994) je z Jablonce nad Nisou, studovala autorsk\u00e9 herectv\u00ed na DAMU a p\u0159es patn\u00e1ct let se zab\u00fdv\u00e1 loutkov\u00fdm divadlem, nap\u0159\u00edklad v Naivn\u00edm divadle v Liberci. Divi\u0161ka je jej\u00ed prvn\u00ed kn\u00ed\u017eka.<\/p>\n<p>Vendula Tom\u0161\u016f (1989) poch\u00e1z\u00ed z Hodon\u00edna, \u017eije na Zl\u00ednsku, studovala sc\u00e9nografii na DAMU, v\u011bnuje se loutkov\u00e9mu a v\u00fdtvarn\u00e9mu divadlu a pracuje pro kreativn\u00ed spolek Zv\u011b\u0159inec.<\/p>\n","protected":false},"featured_media":1573,"template":"","meta":{"inline_featured_image":false,"spay_email":"","jetpack_publicize_message":"","jetpack_is_tweetstorm":false,"jetpack_publicize_feature_enabled":true},"product_brand":[],"product_cat":[19],"product_tag":[99],"class_list":{"0":"post-1083","1":"product","2":"type-product","3":"status-publish","4":"has-post-thumbnail","6":"product_cat-knihy-nejen-pro-deti","7":"product_tag-bara-purmova","9":"first","10":"instock","11":"sale","12":"shipping-taxable","13":"purchasable","14":"product-type-simple"},"_links":{"self":[{"href":"https:\/\/www.brkola.cz\/index.php?rest_route=\/wp\/v2\/product\/1083","targetHints":{"allow":["GET"]}}],"collection":[{"href":"https:\/\/www.brkola.cz\/index.php?rest_route=\/wp\/v2\/product"}],"about":[{"href":"https:\/\/www.brkola.cz\/index.php?rest_route=\/wp\/v2\/types\/product"}],"wp:featuredmedia":[{"embeddable":true,"href":"https:\/\/www.brkola.cz\/index.php?rest_route=\/wp\/v2\/media\/1573"}],"wp:attachment":[{"href":"https:\/\/www.brkola.cz\/index.php?rest_route=%2Fwp%2Fv2%2Fmedia&parent=1083"}],"wp:term":[{"taxonomy":"product_brand","embeddable":true,"href":"https:\/\/www.brkola.cz\/index.php?rest_route=%2Fwp%2Fv2%2Fproduct_brand&post=1083"},{"taxonomy":"product_cat","embeddable":true,"href":"https:\/\/www.brkola.cz\/index.php?rest_route=%2Fwp%2Fv2%2Fproduct_cat&post=1083"},{"taxonomy":"product_tag","embeddable":true,"href":"https:\/\/www.brkola.cz\/index.php?rest_route=%2Fwp%2Fv2%2Fproduct_tag&post=1083"}],"curies":[{"name":"wp","href":"https:\/\/api.w.org\/{rel}","templated":true}]}}