{"id":1089,"date":"2023-12-04T10:21:53","date_gmt":"2023-12-04T10:21:53","guid":{"rendered":"https:\/\/www.brkola.cz\/?post_type=product&#038;p=1089"},"modified":"2026-01-02T10:29:49","modified_gmt":"2026-01-02T10:29:49","slug":"clifton-zrozeni-dvojice","status":"publish","type":"product","link":"https:\/\/www.brkola.cz\/?product=clifton-zrozeni-dvojice","title":{"rendered":"Clifton: Zrozen\u00ed dvojice"},"content":{"rendered":"<p>Rok vyd\u00e1n\u00ed: 2023<br \/>\nPo\u010det stran: 56<br \/>\nVazba: m\u011bkk\u00e1<br \/>\nRozm\u011bry: 14 x 20 cm<\/p>\n","protected":false},"excerpt":{"rendered":"<p>Geni\u00e1ln\u00ed detektiv L\u00e9on Clifton je postrach v\u0161ech zlo\u010dinc\u016f, mistr p\u0159evlek\u016f a je hezk\u00fd. Zapeklit\u00e9 z\u00e1hady \u0159e\u0161\u00ed spole\u010dn\u011b s komisa\u0159kou Sarah Brighitovou. Jak se dali dohromady, kdy\u017e p\u00e1trali po zmizel\u00e9m policejn\u00edm \u0159editeli Sausageovi v Chicagu 1923, se dozv\u00edte v pilotn\u00edm d\u00edle chystan\u00e9 se\u0161itov\u00e9 s\u00e9rie, kterou vyd\u00e1v\u00e1me s obr\u00e1zky Jakuba Zicha.<\/p>\n<p>Clifton je hlavn\u00ed postavou jednoho z nejpopul\u00e1rn\u011bj\u0161\u00edch \u010desk\u00fdch liter\u00e1rn\u00edch brak\u016f, tzv. cliftonek, kter\u00e9 napsal (z\u0159ejm\u011b) A. B. \u0160\u0165astn\u00fd p\u0159ed v\u00edce ne\u017e sto lety jako \u010deskou variantu slavn\u011bj\u0161\u00edho Nicka Cartera (Ad\u00e9la je\u0161t\u011b neve\u010de\u0159ela). Na\u0161e s\u00e9rie Cliftonovi p\u0159id\u00e1v\u00e1 krom\u011b zm\u00edn\u011bn\u00e9 par\u0165a\u010dky komedi\u00e1ln\u00ed hravost a fantaskn\u00ed nads\u00e1zku.<\/p>\n<p>&nbsp;<\/p>\n[embed]https:\/\/youtu.be\/Tc4RnbrMzLY?si=ih1Dr9BfjsykXo6H[\/embed]\n","protected":false},"featured_media":1395,"template":"","meta":{"inline_featured_image":false,"spay_email":"","jetpack_publicize_message":"","jetpack_is_tweetstorm":false,"jetpack_publicize_feature_enabled":true},"product_brand":[],"product_cat":[19,15],"product_tag":[20],"class_list":{"0":"post-1089","1":"product","2":"type-product","3":"status-publish","4":"has-post-thumbnail","6":"product_cat-knihy-nejen-pro-deti","7":"product_cat-nezarazene","8":"product_tag-michal-cunderle","10":"first","11":"instock","12":"shipping-taxable","13":"purchasable","14":"product-type-simple"},"_links":{"self":[{"href":"https:\/\/www.brkola.cz\/index.php?rest_route=\/wp\/v2\/product\/1089","targetHints":{"allow":["GET"]}}],"collection":[{"href":"https:\/\/www.brkola.cz\/index.php?rest_route=\/wp\/v2\/product"}],"about":[{"href":"https:\/\/www.brkola.cz\/index.php?rest_route=\/wp\/v2\/types\/product"}],"wp:featuredmedia":[{"embeddable":true,"href":"https:\/\/www.brkola.cz\/index.php?rest_route=\/wp\/v2\/media\/1395"}],"wp:attachment":[{"href":"https:\/\/www.brkola.cz\/index.php?rest_route=%2Fwp%2Fv2%2Fmedia&parent=1089"}],"wp:term":[{"taxonomy":"product_brand","embeddable":true,"href":"https:\/\/www.brkola.cz\/index.php?rest_route=%2Fwp%2Fv2%2Fproduct_brand&post=1089"},{"taxonomy":"product_cat","embeddable":true,"href":"https:\/\/www.brkola.cz\/index.php?rest_route=%2Fwp%2Fv2%2Fproduct_cat&post=1089"},{"taxonomy":"product_tag","embeddable":true,"href":"https:\/\/www.brkola.cz\/index.php?rest_route=%2Fwp%2Fv2%2Fproduct_tag&post=1089"}],"curies":[{"name":"wp","href":"https:\/\/api.w.org\/{rel}","templated":true}]}}