{"id":1148,"date":"2024-02-01T16:12:06","date_gmt":"2024-02-01T16:12:06","guid":{"rendered":"https:\/\/www.brkola.cz\/?post_type=product&#038;p=1148"},"modified":"2026-01-02T10:29:18","modified_gmt":"2026-01-02T10:29:18","slug":"fifty-ctyri","status":"publish","type":"product","link":"https:\/\/www.brkola.cz\/?product=fifty-ctyri","title":{"rendered":"Fifty + \u010dty\u0159i"},"content":{"rendered":"<div class=\"fb-video\" data-allowfullscreen=\"true\" data-href=\"https:\/\/www.facebook.com\/CT24kultura\/videos\/1287937211996648\/\"><\/div>\n<p>Report\u00e1\u017e k divadeln\u00ed inscenaci Fifty v Dejvick\u00e9m divadle. Zdroj: \u010cT 24 Kultura<\/p>\n<p>Rok vyd\u00e1n\u00ed: 2023<br \/>\nRozm\u011bry: 14,5 x 21,5 cm`<br \/>\nVazba: M\u011bkk\u00e1, s chlopn\u011bmi<br \/>\nPo\u010det stran: 312<\/p>\n","protected":false},"excerpt":{"rendered":"<p>Druh\u00fd soubor divadeln\u00edch her \u00fasp\u011b\u0161n\u00e9ho dramatika, scen\u00e1risty a re\u017eis\u00e9ra Petra Zelenky (1967). Obsahuje hry <em>Job<\/em> <em>Interviews<\/em> (2014), <em>Elegance molekuly<\/em> (2018), <em>Beckham<\/em> (2020), <em>Da Vinci<\/em> (2021) a <em>Fifty<\/em> (2022). Autorkou doslovu a bibliografie je teatrolo\u017eka Lenka Jungmannov\u00e1.<\/p>\n","protected":false},"featured_media":1152,"template":"","meta":{"inline_featured_image":false,"spay_email":"","jetpack_publicize_message":"","jetpack_is_tweetstorm":false,"jetpack_publicize_feature_enabled":true},"product_brand":[],"product_cat":[18],"product_tag":[100],"class_list":{"0":"post-1148","1":"product","2":"type-product","3":"status-publish","4":"has-post-thumbnail","6":"product_cat-knihy-nejen-pro-divadlo","7":"product_tag-petr-zelenka","9":"first","10":"instock","11":"sale","12":"shipping-taxable","13":"purchasable","14":"product-type-simple"},"_links":{"self":[{"href":"https:\/\/www.brkola.cz\/index.php?rest_route=\/wp\/v2\/product\/1148","targetHints":{"allow":["GET"]}}],"collection":[{"href":"https:\/\/www.brkola.cz\/index.php?rest_route=\/wp\/v2\/product"}],"about":[{"href":"https:\/\/www.brkola.cz\/index.php?rest_route=\/wp\/v2\/types\/product"}],"wp:featuredmedia":[{"embeddable":true,"href":"https:\/\/www.brkola.cz\/index.php?rest_route=\/wp\/v2\/media\/1152"}],"wp:attachment":[{"href":"https:\/\/www.brkola.cz\/index.php?rest_route=%2Fwp%2Fv2%2Fmedia&parent=1148"}],"wp:term":[{"taxonomy":"product_brand","embeddable":true,"href":"https:\/\/www.brkola.cz\/index.php?rest_route=%2Fwp%2Fv2%2Fproduct_brand&post=1148"},{"taxonomy":"product_cat","embeddable":true,"href":"https:\/\/www.brkola.cz\/index.php?rest_route=%2Fwp%2Fv2%2Fproduct_cat&post=1148"},{"taxonomy":"product_tag","embeddable":true,"href":"https:\/\/www.brkola.cz\/index.php?rest_route=%2Fwp%2Fv2%2Fproduct_tag&post=1148"}],"curies":[{"name":"wp","href":"https:\/\/api.w.org\/{rel}","templated":true}]}}