{"id":1239,"date":"2024-02-20T09:39:41","date_gmt":"2024-02-20T09:39:41","guid":{"rendered":"https:\/\/www.brkola.cz\/?post_type=product&#038;p=1239"},"modified":"2026-01-02T10:29:06","modified_gmt":"2026-01-02T10:29:06","slug":"osm-her","status":"publish","type":"product","link":"https:\/\/www.brkola.cz\/?product=osm-her","title":{"rendered":"Osm her"},"content":{"rendered":"<p class=\"p1\">Rok vyd\u00e1n\u00ed: 2023<br \/>\nRozm\u011bry: 16 x 21 cm<br \/>\nVazba: m\u011bkk\u00e1 s\u00a0chlopn\u011bmi<br \/>\nPo\u010det stran: 448<\/p>\n","protected":false},"excerpt":{"rendered":"<p class=\"p1\">Tato kniha p\u0159edstavuje reprezentativn\u00ed v\u00fdb\u011br z dramatick\u00e9 tvorby Old\u0159icha Da\u0148ka (1927\u20132000), \u010desk\u00e9ho divadeln\u00edho, rozhlasov\u00e9ho, televizn\u00edho a filmov\u00e9ho autora, kter\u00fd pat\u0159il zejm\u00e9na v sedmdes\u00e1t\u00fdch a osmdes\u00e1t\u00fdch letech 20. stolet\u00ed k na\u0161im nejhran\u011bj\u0161\u00edm dramatik\u016fm. Nen\u00ed jen uctivou p\u0159ipom\u00ednkou v\u00fdznamn\u00e9ho reprezentanta jedn\u00e9 divadeln\u00ed \u00e9ry \u010desk\u00e9 kultury, ale z\u00e1rove\u0148 poukazuje na jeho dosud \u017eiv\u00e9 a dramaturgicky podn\u011btn\u00e9 impulzy a inspirace. P\u0159\u00e1li bychom si, aby byla k u\u017eitku jak dramaturg\u016fm, tak \u0161ir\u0161\u00edmu okruhu z\u00e1jemc\u016f o \u010desk\u00e9 divadlo a literaturu. Jej\u00ed sou\u010d\u00e1st\u00ed jsou divadeln\u00ed hry: \u010cty\u0159icet zlosyn\u016f a jedno nevi\u0148\u00e1tko (1966), Dva na koni, jeden na oslu (1971), V\u00e1lka vypukne po p\u0159est\u00e1vce aneb Dostih na dlouh\u00e9 trati (1976), Bitva na Moravsk\u00e9m poli (1979), V\u00e9vodkyn\u011b vald\u0161tejnsk\u00fdch vojsk (1980), Vy jste Jan (1987), Jak snadn\u00e9 je vl\u00e1dnout (1992) a Trojhv\u011bzd\u00ed (1999). A tak\u00e9 t\u0159i studie: Libor Vodi\u010dka provede \u010dten\u00e1\u0159e cel\u00fdm d\u00edlem Old\u0159icha Da\u0148ka, Mark\u00e9ta Tr\u00e1vn\u00ed\u010dkov\u00e1 detailn\u011b analyzuje ne\/divadelnost hry Vy jste Jan a Michal \u010cunderle interpretuje jeden z jeho nejlep\u0161\u00edch text\u016f \u2013 V\u00e9vodkyni vald\u0161tejnsk\u00fdch vojsk. Obsahuje rovn\u011b\u017e slovn\u00edkov\u00e9 heslo o autorovi a podrobn\u00fd soupis Da\u0148kovy divadeln\u00ed pr\u00e1ce.<span class=\"Apple-converted-space\">\u00a0<\/span><\/p>\n","protected":false},"featured_media":1241,"template":"","meta":{"inline_featured_image":false,"spay_email":"","jetpack_publicize_message":"","jetpack_is_tweetstorm":false,"jetpack_publicize_feature_enabled":true},"product_brand":[],"product_cat":[18],"product_tag":[101],"class_list":{"0":"post-1239","1":"product","2":"type-product","3":"status-publish","4":"has-post-thumbnail","6":"product_cat-knihy-nejen-pro-divadlo","7":"product_tag-oldrich-danek","9":"first","10":"instock","11":"sale","12":"shipping-taxable","13":"purchasable","14":"product-type-simple"},"_links":{"self":[{"href":"https:\/\/www.brkola.cz\/index.php?rest_route=\/wp\/v2\/product\/1239","targetHints":{"allow":["GET"]}}],"collection":[{"href":"https:\/\/www.brkola.cz\/index.php?rest_route=\/wp\/v2\/product"}],"about":[{"href":"https:\/\/www.brkola.cz\/index.php?rest_route=\/wp\/v2\/types\/product"}],"wp:featuredmedia":[{"embeddable":true,"href":"https:\/\/www.brkola.cz\/index.php?rest_route=\/wp\/v2\/media\/1241"}],"wp:attachment":[{"href":"https:\/\/www.brkola.cz\/index.php?rest_route=%2Fwp%2Fv2%2Fmedia&parent=1239"}],"wp:term":[{"taxonomy":"product_brand","embeddable":true,"href":"https:\/\/www.brkola.cz\/index.php?rest_route=%2Fwp%2Fv2%2Fproduct_brand&post=1239"},{"taxonomy":"product_cat","embeddable":true,"href":"https:\/\/www.brkola.cz\/index.php?rest_route=%2Fwp%2Fv2%2Fproduct_cat&post=1239"},{"taxonomy":"product_tag","embeddable":true,"href":"https:\/\/www.brkola.cz\/index.php?rest_route=%2Fwp%2Fv2%2Fproduct_tag&post=1239"}],"curies":[{"name":"wp","href":"https:\/\/api.w.org\/{rel}","templated":true}]}}