{"id":238,"date":"2022-09-10T10:12:16","date_gmt":"2022-09-10T10:12:16","guid":{"rendered":"http:\/\/www.brkola.cz.uvirt121.active24.cz\/?post_type=product&#038;p=238"},"modified":"2026-01-02T10:44:16","modified_gmt":"2026-01-02T10:44:16","slug":"jak-byla-vosa-marcelka-rada-ze-je","status":"publish","type":"product","link":"https:\/\/www.brkola.cz\/?product=jak-byla-vosa-marcelka-rada-ze-je","title":{"rendered":"Jak byla vosa Marcelka r\u00e1da, \u017ee je"},"content":{"rendered":"<div class=\"wp-playlist wp-audio-playlist wp-playlist-light\">\n\t\t\t<div class=\"wp-playlist-current-item\"><\/div>\n\t\t<audio controls=\"controls\" preload=\"none\" width=\"640\"\n\t\t\t><\/audio>\n\t<div class=\"wp-playlist-next\"><\/div>\n\t<div class=\"wp-playlist-prev\"><\/div>\n\t<noscript>\n\t<ol>\n\t\t<li><a href='https:\/\/www.brkola.cz\/wp-content\/uploads\/2022\/09\/michal-cunderle-vosa-marcelka-1-mluvene-slovo.wav'>Jak byla vosa Marcelka r\u00e1da, \u017ee je<\/a><\/li>\t<\/ol>\n\t<\/noscript>\n\t<script type=\"application\/json\" class=\"wp-playlist-script\">{\"type\":\"audio\",\"tracklist\":false,\"tracknumbers\":true,\"images\":true,\"artists\":true,\"tracks\":[{\"src\":\"https:\/\/www.brkola.cz\/wp-content\/uploads\/2022\/09\/michal-cunderle-vosa-marcelka-1-mluvene-slovo.wav\",\"type\":\"audio\/wav\",\"title\":\"Jak byla vosa Marcelka r\\u00e1da, \\u017ee je\",\"caption\":\"\",\"description\":\"Skladba \\\"michal-cunderle-vosa-marcelka-1-mluvene-slovo\\\".\",\"meta\":{\"artist\":\"Michal \\u010cunderle a Jan Zich\",\"length_formatted\":\"6:45:48\"},\"image\":{\"src\":\"https:\/\/www.brkola.cz\/wp-includes\/images\/media\/audio.svg\",\"width\":48,\"height\":64},\"thumb\":{\"src\":\"https:\/\/www.brkola.cz\/wp-includes\/images\/media\/audio.svg\",\"width\":48,\"height\":64}}]}<\/script>\n<\/div>\n\t\n<p><img loading=\"lazy\" decoding=\"async\" class=\"alignnone wp-image-246 size-large\" src=\"http:\/\/www.brkola.cz.uvirt121.active24.cz\/wp-content\/uploads\/2022\/09\/vosa-marcelka45-1024x1024.jpg\" alt=\"Vosa Marcelka\" width=\"1024\" height=\"1024\" srcset=\"https:\/\/www.brkola.cz\/wp-content\/uploads\/2022\/09\/vosa-marcelka45-1024x1024.jpg 1024w, https:\/\/www.brkola.cz\/wp-content\/uploads\/2022\/09\/vosa-marcelka45-300x300.jpg 300w, https:\/\/www.brkola.cz\/wp-content\/uploads\/2022\/09\/vosa-marcelka45-150x150.jpg 150w, https:\/\/www.brkola.cz\/wp-content\/uploads\/2022\/09\/vosa-marcelka45-768x768.jpg 768w, https:\/\/www.brkola.cz\/wp-content\/uploads\/2022\/09\/vosa-marcelka45-1536x1536.jpg 1536w, https:\/\/www.brkola.cz\/wp-content\/uploads\/2022\/09\/vosa-marcelka45-1320x1320.jpg 1320w, https:\/\/www.brkola.cz\/wp-content\/uploads\/2022\/09\/vosa-marcelka45-450x450.jpg 450w, https:\/\/www.brkola.cz\/wp-content\/uploads\/2022\/09\/vosa-marcelka45-600x600.jpg 600w, https:\/\/www.brkola.cz\/wp-content\/uploads\/2022\/09\/vosa-marcelka45-100x100.jpg 100w, https:\/\/www.brkola.cz\/wp-content\/uploads\/2022\/09\/vosa-marcelka45.jpg 1800w\" sizes=\"auto, (max-width: 1024px) 100vw, 1024px\" \/><\/p>\n<p><img loading=\"lazy\" decoding=\"async\" class=\"alignnone size-medium wp-image-245\" src=\"http:\/\/www.brkola.cz.uvirt121.active24.cz\/wp-content\/uploads\/2022\/09\/vosa-marcelka5-300x300.jpg\" alt=\"\" width=\"300\" height=\"300\" srcset=\"https:\/\/www.brkola.cz\/wp-content\/uploads\/2022\/09\/vosa-marcelka5-300x300.jpg 300w, https:\/\/www.brkola.cz\/wp-content\/uploads\/2022\/09\/vosa-marcelka5-1024x1024.jpg 1024w, https:\/\/www.brkola.cz\/wp-content\/uploads\/2022\/09\/vosa-marcelka5-150x150.jpg 150w, https:\/\/www.brkola.cz\/wp-content\/uploads\/2022\/09\/vosa-marcelka5-768x768.jpg 768w, https:\/\/www.brkola.cz\/wp-content\/uploads\/2022\/09\/vosa-marcelka5-1536x1536.jpg 1536w, https:\/\/www.brkola.cz\/wp-content\/uploads\/2022\/09\/vosa-marcelka5-1320x1320.jpg 1320w, https:\/\/www.brkola.cz\/wp-content\/uploads\/2022\/09\/vosa-marcelka5-450x450.jpg 450w, https:\/\/www.brkola.cz\/wp-content\/uploads\/2022\/09\/vosa-marcelka5-600x600.jpg 600w, https:\/\/www.brkola.cz\/wp-content\/uploads\/2022\/09\/vosa-marcelka5-100x100.jpg 100w, https:\/\/www.brkola.cz\/wp-content\/uploads\/2022\/09\/vosa-marcelka5.jpg 1800w\" sizes=\"auto, (max-width: 300px) 100vw, 300px\" \/><\/p>\n<p><span class=\"s1\">Autor: Michal \u010cunderle<\/span><br \/>\nRok vyd\u00e1n\u00ed: 2012<br \/>\n(2., roz\u0161\u00ed\u0159en\u00e9 vyd\u00e1n\u00ed)<br \/>\nPo\u010det stran: 196<br \/>\nVazba: bro\u017eovan\u00e1<br \/>\nRozm\u011bry: 14 x 19 cm<\/p>\n","protected":false},"excerpt":{"rendered":"<p class=\"p1\"><span class=\"s1\">Marcelka je vosa, nem\u00e1 k\u0159id\u00e9lka a l\u00e9t\u00e1 letad\u00e9lkem. Jarun a Marun jsou kom\u00e1\u0159i, k\u0159id\u00e9lka maj\u00ed a d\u011blaj\u00ed do techniky. Jednoho dne to daj\u00ed dohromady a spadnou do dobrodru\u017estv\u00ed, p\u0159i nich\u017e se dech taj\u00ed a br\u00e1nice se t\u0159ese. Hrav\u00e9 vypr\u00e1v\u011bn\u00ed ve dvan\u00e1cti kapitol\u00e1ch, se \u010dty\u0159iapades\u00e1ti celostr\u00e1nkov\u00fdmi obr\u00e1zky Jakuba Zicha, pro \u010dten\u00e1\u0159e od p\u011bti do sta. P\u0159\u00edlohou audio CD se \u010dten\u00edm z kn\u00ed\u017eky a hudbou P\u0159emysla Ruta.\u00a0<\/span><\/p>\n","protected":false},"featured_media":240,"template":"","meta":{"inline_featured_image":false,"spay_email":"","jetpack_publicize_message":"","jetpack_is_tweetstorm":false,"jetpack_publicize_feature_enabled":true},"product_brand":[],"product_cat":[19,83],"product_tag":[20],"class_list":{"0":"post-238","1":"product","2":"type-product","3":"status-publish","4":"has-post-thumbnail","6":"product_cat-knihy-nejen-pro-deti","7":"product_cat-cd","8":"product_tag-michal-cunderle","10":"first","11":"instock","12":"sale","13":"shipping-taxable","14":"purchasable","15":"product-type-simple"},"_links":{"self":[{"href":"https:\/\/www.brkola.cz\/index.php?rest_route=\/wp\/v2\/product\/238","targetHints":{"allow":["GET"]}}],"collection":[{"href":"https:\/\/www.brkola.cz\/index.php?rest_route=\/wp\/v2\/product"}],"about":[{"href":"https:\/\/www.brkola.cz\/index.php?rest_route=\/wp\/v2\/types\/product"}],"wp:featuredmedia":[{"embeddable":true,"href":"https:\/\/www.brkola.cz\/index.php?rest_route=\/wp\/v2\/media\/240"}],"wp:attachment":[{"href":"https:\/\/www.brkola.cz\/index.php?rest_route=%2Fwp%2Fv2%2Fmedia&parent=238"}],"wp:term":[{"taxonomy":"product_brand","embeddable":true,"href":"https:\/\/www.brkola.cz\/index.php?rest_route=%2Fwp%2Fv2%2Fproduct_brand&post=238"},{"taxonomy":"product_cat","embeddable":true,"href":"https:\/\/www.brkola.cz\/index.php?rest_route=%2Fwp%2Fv2%2Fproduct_cat&post=238"},{"taxonomy":"product_tag","embeddable":true,"href":"https:\/\/www.brkola.cz\/index.php?rest_route=%2Fwp%2Fv2%2Fproduct_tag&post=238"}],"curies":[{"name":"wp","href":"https:\/\/api.w.org\/{rel}","templated":true}]}}