{"id":248,"date":"2022-09-10T11:11:17","date_gmt":"2022-09-10T11:11:17","guid":{"rendered":"http:\/\/www.brkola.cz.uvirt121.active24.cz\/?post_type=product&#038;p=248"},"modified":"2023-08-29T15:01:19","modified_gmt":"2023-08-29T15:01:19","slug":"o-recisedm-eseju-o-reci-telovosti-reci-oralnim-gestu-a-psychosomatickem-pojeti-vychovy-k-reci-nejen-na-katedre-autorske-tvorby-a-pedagogiky-damu","status":"publish","type":"product","link":"https:\/\/www.brkola.cz\/?product=o-recisedm-eseju-o-reci-telovosti-reci-oralnim-gestu-a-psychosomatickem-pojeti-vychovy-k-reci-nejen-na-katedre-autorske-tvorby-a-pedagogiky-damu","title":{"rendered":"O \u0159e\u010di"},"content":{"rendered":"<p><strong>PDF voln\u011b ke sta\u017een\u00ed: <\/strong><a href=\"https:\/\/www.damu.cz\/media\/O_RECI_Cunderle_knizni_blokDEF1.pdf\" target=\"_blank\" rel=\"noopener\">O r\u030cec\u030ci_\u010cunderle.pdf<\/a><\/p>\n<p class=\"p1\">Rok vyd\u00e1n\u00ed: 2012<br \/>\nPo\u010det stran: 72<\/p>\n","protected":false},"excerpt":{"rendered":"<p class=\"p1\"><span class=\"s1\">Sedm esej\u016f o \u0159e\u010di, t\u011blovosti \u0159e\u010di, or\u00e1ln\u00edm gestu a psychosomatick\u00e9m pojet\u00ed v\u00fdchovy k \u0159e\u010di (nejen) na kated\u0159e autorsk\u00e9 tvorby a pedagogiky DAMU.\u00a0<\/span><\/p>\n","protected":false},"featured_media":250,"template":"","meta":{"inline_featured_image":false,"spay_email":"","jetpack_publicize_message":"","jetpack_is_tweetstorm":false,"jetpack_publicize_feature_enabled":true},"product_brand":[],"product_cat":[18,52,95],"product_tag":[20],"class_list":{"0":"post-248","1":"product","2":"type-product","3":"status-publish","4":"has-post-thumbnail","6":"product_cat-knihy-nejen-pro-divadlo","7":"product_cat-psychosomatika","8":"product_cat-zdarma","9":"product_tag-michal-cunderle","11":"first","12":"instock","13":"downloadable","14":"shipping-taxable","15":"product-type-simple"},"_links":{"self":[{"href":"https:\/\/www.brkola.cz\/index.php?rest_route=\/wp\/v2\/product\/248","targetHints":{"allow":["GET"]}}],"collection":[{"href":"https:\/\/www.brkola.cz\/index.php?rest_route=\/wp\/v2\/product"}],"about":[{"href":"https:\/\/www.brkola.cz\/index.php?rest_route=\/wp\/v2\/types\/product"}],"wp:featuredmedia":[{"embeddable":true,"href":"https:\/\/www.brkola.cz\/index.php?rest_route=\/wp\/v2\/media\/250"}],"wp:attachment":[{"href":"https:\/\/www.brkola.cz\/index.php?rest_route=%2Fwp%2Fv2%2Fmedia&parent=248"}],"wp:term":[{"taxonomy":"product_brand","embeddable":true,"href":"https:\/\/www.brkola.cz\/index.php?rest_route=%2Fwp%2Fv2%2Fproduct_brand&post=248"},{"taxonomy":"product_cat","embeddable":true,"href":"https:\/\/www.brkola.cz\/index.php?rest_route=%2Fwp%2Fv2%2Fproduct_cat&post=248"},{"taxonomy":"product_tag","embeddable":true,"href":"https:\/\/www.brkola.cz\/index.php?rest_route=%2Fwp%2Fv2%2Fproduct_tag&post=248"}],"curies":[{"name":"wp","href":"https:\/\/api.w.org\/{rel}","templated":true}]}}