{"id":291,"date":"2022-09-10T15:10:48","date_gmt":"2022-09-10T15:10:48","guid":{"rendered":"http:\/\/www.brkola.cz.uvirt121.active24.cz\/?post_type=product&#038;p=291"},"modified":"2026-01-02T10:42:59","modified_gmt":"2026-01-02T10:42:59","slug":"komplet-sportstyk-totenauberg-sbohem","status":"publish","type":"product","link":"https:\/\/www.brkola.cz\/?product=komplet-sportstyk-totenauberg-sbohem","title":{"rendered":"Komplet I: Sport\u0161tyk, Totenauberg, Sbohem"},"content":{"rendered":"<p class=\"p1\">Rok vyd\u00e1n\u00ed: 2009<br \/>\nVazba: bro\u017eovan\u00e1<br \/>\nRozm\u011bry: 12 x 19 cm<\/p>\n","protected":false},"excerpt":{"rendered":"<p class=\"p1\">Trojice divadeln\u00edch her rakousk\u00e9 bu\u0159i\u010dky, jazykov\u00e9 experiment\u00e1torky a nositelky Nobelovy ceny za literaturu vych\u00e1z\u00ed poprv\u00e9 v \u010desk\u00e9m p\u0159ekladu Barbory Schnelle a Zuzany Augustov\u00e9 za podpory EU (Programme Culture 2007\u20132013). Hra Sport\u0161tyk je naps\u00e1na ve stylu \u0159eck\u00e9 trag\u00e9die a pou\u017e\u00edv\u00e1 sport jako d\u016fmyslnou metaforu pro r\u016fzn\u00e9 formy spole\u010densk\u00e9ho \u00fatlaku a manipulace. Ve h\u0159e Totenauberg Jelinek pomysln\u011b \u201erekonstruuje\u201c setk\u00e1n\u00ed filozofa Martina Heideggera s jeho b\u00fdvalou milenkou, politolo\u017ekou Hannah Arendt a kriticky ov\u011b\u0159uje jejich n\u00e1zory v konfrontaci s prost\u0159ed\u00edm alpsk\u00e9 horsk\u00e9 turistiky. Trilogie Sbohem je aktu\u00e1ln\u00ed reakc\u00ed na politickou kari\u00e9ru pravicov\u00e9ho populisty J\u00f6rga Haidera.<\/p>\n","protected":false},"featured_media":292,"template":"","meta":{"inline_featured_image":false,"spay_email":"","jetpack_publicize_message":"","jetpack_is_tweetstorm":false,"jetpack_publicize_feature_enabled":true},"product_brand":[],"product_cat":[18],"product_tag":[35],"class_list":{"0":"post-291","1":"product","2":"type-product","3":"status-publish","4":"has-post-thumbnail","6":"product_cat-knihy-nejen-pro-divadlo","7":"product_tag-elfriede-jelinek","9":"first","10":"instock","11":"sale","12":"shipping-taxable","13":"purchasable","14":"product-type-simple"},"_links":{"self":[{"href":"https:\/\/www.brkola.cz\/index.php?rest_route=\/wp\/v2\/product\/291","targetHints":{"allow":["GET"]}}],"collection":[{"href":"https:\/\/www.brkola.cz\/index.php?rest_route=\/wp\/v2\/product"}],"about":[{"href":"https:\/\/www.brkola.cz\/index.php?rest_route=\/wp\/v2\/types\/product"}],"wp:featuredmedia":[{"embeddable":true,"href":"https:\/\/www.brkola.cz\/index.php?rest_route=\/wp\/v2\/media\/292"}],"wp:attachment":[{"href":"https:\/\/www.brkola.cz\/index.php?rest_route=%2Fwp%2Fv2%2Fmedia&parent=291"}],"wp:term":[{"taxonomy":"product_brand","embeddable":true,"href":"https:\/\/www.brkola.cz\/index.php?rest_route=%2Fwp%2Fv2%2Fproduct_brand&post=291"},{"taxonomy":"product_cat","embeddable":true,"href":"https:\/\/www.brkola.cz\/index.php?rest_route=%2Fwp%2Fv2%2Fproduct_cat&post=291"},{"taxonomy":"product_tag","embeddable":true,"href":"https:\/\/www.brkola.cz\/index.php?rest_route=%2Fwp%2Fv2%2Fproduct_tag&post=291"}],"curies":[{"name":"wp","href":"https:\/\/api.w.org\/{rel}","templated":true}]}}