{"id":321,"date":"2022-09-10T20:36:12","date_gmt":"2022-09-10T20:36:12","guid":{"rendered":"http:\/\/www.brkola.cz.uvirt121.active24.cz\/?post_type=product&#038;p=321"},"modified":"2023-09-04T21:00:59","modified_gmt":"2023-09-04T21:00:59","slug":"feldenkrais-dech-a-hlas","status":"publish","type":"product","link":"https:\/\/www.brkola.cz\/?product=feldenkrais-dech-a-hlas","title":{"rendered":"Feldenkrais, dech a hlas"},"content":{"rendered":"<p><img loading=\"lazy\" decoding=\"async\" class=\"alignnone wp-image-326 \" style=\"font-family: -apple-system, BlinkMacSystemFont, 'Segoe UI', Roboto, Oxygen-Sans, Ubuntu, Cantarell, 'Helvetica Neue', sans-serif;\" src=\"http:\/\/www.brkola.cz.uvirt121.active24.cz\/wp-content\/uploads\/2022\/09\/oswald-1024x1024.jpg\" alt=\"\" width=\"1000\" height=\"1000\" srcset=\"https:\/\/www.brkola.cz\/wp-content\/uploads\/2022\/09\/oswald-1024x1024.jpg 1024w, https:\/\/www.brkola.cz\/wp-content\/uploads\/2022\/09\/oswald-300x300.jpg 300w, https:\/\/www.brkola.cz\/wp-content\/uploads\/2022\/09\/oswald-150x150.jpg 150w, https:\/\/www.brkola.cz\/wp-content\/uploads\/2022\/09\/oswald-768x768.jpg 768w, https:\/\/www.brkola.cz\/wp-content\/uploads\/2022\/09\/oswald-1320x1320.jpg 1320w, https:\/\/www.brkola.cz\/wp-content\/uploads\/2022\/09\/oswald-450x450.jpg 450w, https:\/\/www.brkola.cz\/wp-content\/uploads\/2022\/09\/oswald-600x600.jpg 600w, https:\/\/www.brkola.cz\/wp-content\/uploads\/2022\/09\/oswald-100x100.jpg 100w, https:\/\/www.brkola.cz\/wp-content\/uploads\/2022\/09\/oswald.jpg 1400w\" sizes=\"auto, (max-width: 1000px) 100vw, 1000px\" \/><\/p>\n<audio class=\"wp-audio-shortcode\" id=\"audio-321-1\" preload=\"auto\" style=\"width: 100%;\" controls=\"controls\"><source type=\"audio\/mpeg\" src=\"https:\/\/www.brkola.cz\/wp-content\/uploads\/2022\/09\/01_FELDENKRAISOVA_METODA_1-1.mp3?_=1\" \/><a href=\"https:\/\/www.brkola.cz\/wp-content\/uploads\/2022\/09\/01_FELDENKRAISOVA_METODA_1-1.mp3\">https:\/\/www.brkola.cz\/wp-content\/uploads\/2022\/09\/01_FELDENKRAISOVA_METODA_1-1.mp3<\/a><\/audio>\n<audio class=\"wp-audio-shortcode\" id=\"audio-321-2\" preload=\"none\" style=\"width: 100%;\" controls=\"controls\"><source type=\"audio\/mpeg\" src=\"https:\/\/www.brkola.cz\/wp-content\/uploads\/2022\/09\/02_FELDENKRAISOVA_METODA_1-1.mp3?_=2\" \/><a href=\"https:\/\/www.brkola.cz\/wp-content\/uploads\/2022\/09\/02_FELDENKRAISOVA_METODA_1-1.mp3\">https:\/\/www.brkola.cz\/wp-content\/uploads\/2022\/09\/02_FELDENKRAISOVA_METODA_1-1.mp3<\/a><\/audio>\n<audio class=\"wp-audio-shortcode\" id=\"audio-321-3\" preload=\"none\" style=\"width: 100%;\" controls=\"controls\"><source type=\"audio\/mpeg\" src=\"https:\/\/www.brkola.cz\/wp-content\/uploads\/2022\/09\/03_FELDENKRAISOVA_METODA_1-2.mp3?_=3\" \/><a href=\"https:\/\/www.brkola.cz\/wp-content\/uploads\/2022\/09\/03_FELDENKRAISOVA_METODA_1-2.mp3\">https:\/\/www.brkola.cz\/wp-content\/uploads\/2022\/09\/03_FELDENKRAISOVA_METODA_1-2.mp3<\/a><\/audio>\n<audio class=\"wp-audio-shortcode\" id=\"audio-321-4\" preload=\"none\" style=\"width: 100%;\" controls=\"controls\"><source type=\"audio\/mpeg\" src=\"https:\/\/www.brkola.cz\/wp-content\/uploads\/2022\/09\/04_FELDENKRAISOVA_METODA_2.mp3?_=4\" \/><a href=\"https:\/\/www.brkola.cz\/wp-content\/uploads\/2022\/09\/04_FELDENKRAISOVA_METODA_2.mp3\">https:\/\/www.brkola.cz\/wp-content\/uploads\/2022\/09\/04_FELDENKRAISOVA_METODA_2.mp3<\/a><\/audio>\n<audio class=\"wp-audio-shortcode\" id=\"audio-321-5\" preload=\"none\" style=\"width: 100%;\" controls=\"controls\"><source type=\"audio\/mpeg\" src=\"https:\/\/www.brkola.cz\/wp-content\/uploads\/2022\/09\/05_FELDENKRAISOVA_METODA_2-1.mp3?_=5\" \/><a href=\"https:\/\/www.brkola.cz\/wp-content\/uploads\/2022\/09\/05_FELDENKRAISOVA_METODA_2-1.mp3\">https:\/\/www.brkola.cz\/wp-content\/uploads\/2022\/09\/05_FELDENKRAISOVA_METODA_2-1.mp3<\/a><\/audio>\n<audio class=\"wp-audio-shortcode\" id=\"audio-321-6\" preload=\"none\" style=\"width: 100%;\" controls=\"controls\"><source type=\"audio\/mpeg\" src=\"https:\/\/www.brkola.cz\/wp-content\/uploads\/2022\/09\/06_FELDENKRAISOVA_METODA_2-2.mp3?_=6\" \/><a href=\"https:\/\/www.brkola.cz\/wp-content\/uploads\/2022\/09\/06_FELDENKRAISOVA_METODA_2-2.mp3\">https:\/\/www.brkola.cz\/wp-content\/uploads\/2022\/09\/06_FELDENKRAISOVA_METODA_2-2.mp3<\/a><\/audio>\n<audio class=\"wp-audio-shortcode\" id=\"audio-321-7\" preload=\"none\" style=\"width: 100%;\" controls=\"controls\"><source type=\"audio\/mpeg\" src=\"https:\/\/www.brkola.cz\/wp-content\/uploads\/2022\/09\/07_FELDENKRAISOVA_METODA_3.mp3?_=7\" \/><a href=\"https:\/\/www.brkola.cz\/wp-content\/uploads\/2022\/09\/07_FELDENKRAISOVA_METODA_3.mp3\">https:\/\/www.brkola.cz\/wp-content\/uploads\/2022\/09\/07_FELDENKRAISOVA_METODA_3.mp3<\/a><\/audio>\n<audio class=\"wp-audio-shortcode\" id=\"audio-321-8\" preload=\"none\" style=\"width: 100%;\" controls=\"controls\"><source type=\"audio\/mpeg\" src=\"https:\/\/www.brkola.cz\/wp-content\/uploads\/2022\/09\/08_FELDENKRAISOVA_METODA_3-1.mp3?_=8\" \/><a href=\"https:\/\/www.brkola.cz\/wp-content\/uploads\/2022\/09\/08_FELDENKRAISOVA_METODA_3-1.mp3\">https:\/\/www.brkola.cz\/wp-content\/uploads\/2022\/09\/08_FELDENKRAISOVA_METODA_3-1.mp3<\/a><\/audio>\n<audio class=\"wp-audio-shortcode\" id=\"audio-321-9\" preload=\"none\" style=\"width: 100%;\" controls=\"controls\"><source type=\"audio\/mpeg\" src=\"https:\/\/www.brkola.cz\/wp-content\/uploads\/2022\/09\/08_FELDENKRAISOVA_METODA_3-1.mp3?_=9\" \/><a href=\"https:\/\/www.brkola.cz\/wp-content\/uploads\/2022\/09\/08_FELDENKRAISOVA_METODA_3-1.mp3\">https:\/\/www.brkola.cz\/wp-content\/uploads\/2022\/09\/08_FELDENKRAISOVA_METODA_3-1.mp3<\/a><\/audio>\n<audio class=\"wp-audio-shortcode\" id=\"audio-321-10\" preload=\"none\" style=\"width: 100%;\" controls=\"controls\"><source type=\"audio\/mpeg\" src=\"https:\/\/www.brkola.cz\/wp-content\/uploads\/2022\/09\/09_FELDENKRAISOVA_METODA_3-2.mp3?_=10\" \/><a href=\"https:\/\/www.brkola.cz\/wp-content\/uploads\/2022\/09\/09_FELDENKRAISOVA_METODA_3-2.mp3\">https:\/\/www.brkola.cz\/wp-content\/uploads\/2022\/09\/09_FELDENKRAISOVA_METODA_3-2.mp3<\/a><\/audio>\n<audio class=\"wp-audio-shortcode\" id=\"audio-321-11\" preload=\"none\" style=\"width: 100%;\" controls=\"controls\"><source type=\"audio\/mpeg\" src=\"https:\/\/www.brkola.cz\/wp-content\/uploads\/2022\/09\/10_FELDENKRAISOVA_METODA_3-3.mp3?_=11\" \/><a href=\"https:\/\/www.brkola.cz\/wp-content\/uploads\/2022\/09\/10_FELDENKRAISOVA_METODA_3-3.mp3\">https:\/\/www.brkola.cz\/wp-content\/uploads\/2022\/09\/10_FELDENKRAISOVA_METODA_3-3.mp3<\/a><\/audio>\n<audio class=\"wp-audio-shortcode\" id=\"audio-321-12\" preload=\"none\" style=\"width: 100%;\" controls=\"controls\"><source type=\"audio\/mpeg\" src=\"https:\/\/www.brkola.cz\/wp-content\/uploads\/2022\/09\/11_FELDENKRAISOVA_METODA_4-1.mp3?_=12\" \/><a href=\"https:\/\/www.brkola.cz\/wp-content\/uploads\/2022\/09\/11_FELDENKRAISOVA_METODA_4-1.mp3\">https:\/\/www.brkola.cz\/wp-content\/uploads\/2022\/09\/11_FELDENKRAISOVA_METODA_4-1.mp3<\/a><\/audio>\n<audio class=\"wp-audio-shortcode\" id=\"audio-321-13\" preload=\"none\" style=\"width: 100%;\" controls=\"controls\"><source type=\"audio\/mpeg\" src=\"https:\/\/www.brkola.cz\/wp-content\/uploads\/2022\/09\/12_FELDENKRAISOVA_METODA_4-1.mp3?_=13\" \/><a href=\"https:\/\/www.brkola.cz\/wp-content\/uploads\/2022\/09\/12_FELDENKRAISOVA_METODA_4-1.mp3\">https:\/\/www.brkola.cz\/wp-content\/uploads\/2022\/09\/12_FELDENKRAISOVA_METODA_4-1.mp3<\/a><\/audio>\n<audio class=\"wp-audio-shortcode\" id=\"audio-321-14\" preload=\"none\" style=\"width: 100%;\" controls=\"controls\"><source type=\"audio\/mpeg\" src=\"https:\/\/www.brkola.cz\/wp-content\/uploads\/2022\/09\/13_FELDENKRAISOVA_METODA_4-2.mp3?_=14\" \/><a href=\"https:\/\/www.brkola.cz\/wp-content\/uploads\/2022\/09\/13_FELDENKRAISOVA_METODA_4-2.mp3\">https:\/\/www.brkola.cz\/wp-content\/uploads\/2022\/09\/13_FELDENKRAISOVA_METODA_4-2.mp3<\/a><\/audio>\n<audio class=\"wp-audio-shortcode\" id=\"audio-321-15\" preload=\"none\" style=\"width: 100%;\" controls=\"controls\"><source type=\"audio\/mpeg\" src=\"https:\/\/www.brkola.cz\/wp-content\/uploads\/2022\/09\/14_FELDENKRAISOVA_METODA_5.mp3?_=15\" \/><a href=\"https:\/\/www.brkola.cz\/wp-content\/uploads\/2022\/09\/14_FELDENKRAISOVA_METODA_5.mp3\">https:\/\/www.brkola.cz\/wp-content\/uploads\/2022\/09\/14_FELDENKRAISOVA_METODA_5.mp3<\/a><\/audio>\n<audio class=\"wp-audio-shortcode\" id=\"audio-321-16\" preload=\"none\" style=\"width: 100%;\" controls=\"controls\"><source type=\"audio\/mpeg\" src=\"https:\/\/www.brkola.cz\/wp-content\/uploads\/2022\/09\/15_FELDENKRAISOVA_METODA_5-1.mp3?_=16\" \/><a href=\"https:\/\/www.brkola.cz\/wp-content\/uploads\/2022\/09\/15_FELDENKRAISOVA_METODA_5-1.mp3\">https:\/\/www.brkola.cz\/wp-content\/uploads\/2022\/09\/15_FELDENKRAISOVA_METODA_5-1.mp3<\/a><\/audio>\n<audio class=\"wp-audio-shortcode\" id=\"audio-321-17\" preload=\"none\" style=\"width: 100%;\" controls=\"controls\"><source type=\"audio\/mpeg\" src=\"https:\/\/www.brkola.cz\/wp-content\/uploads\/2022\/09\/16_FELDENKRAISOVA_METODA_5-2.mp3?_=17\" \/><a href=\"https:\/\/www.brkola.cz\/wp-content\/uploads\/2022\/09\/16_FELDENKRAISOVA_METODA_5-2.mp3\">https:\/\/www.brkola.cz\/wp-content\/uploads\/2022\/09\/16_FELDENKRAISOVA_METODA_5-2.mp3<\/a><\/audio>\n<audio class=\"wp-audio-shortcode\" id=\"audio-321-18\" preload=\"none\" style=\"width: 100%;\" controls=\"controls\"><source type=\"audio\/mpeg\" src=\"https:\/\/www.brkola.cz\/wp-content\/uploads\/2022\/09\/17_FELDENKRAISOVA_METODA_5-3.mp3?_=18\" \/><a href=\"https:\/\/www.brkola.cz\/wp-content\/uploads\/2022\/09\/17_FELDENKRAISOVA_METODA_5-3.mp3\">https:\/\/www.brkola.cz\/wp-content\/uploads\/2022\/09\/17_FELDENKRAISOVA_METODA_5-3.mp3<\/a><\/audio>\n<audio class=\"wp-audio-shortcode\" id=\"audio-321-19\" preload=\"none\" style=\"width: 100%;\" controls=\"controls\"><source type=\"audio\/mpeg\" src=\"https:\/\/www.brkola.cz\/wp-content\/uploads\/2022\/09\/18_FELDENKRAISOVA_METODA_6.mp3?_=19\" \/><a href=\"https:\/\/www.brkola.cz\/wp-content\/uploads\/2022\/09\/18_FELDENKRAISOVA_METODA_6.mp3\">https:\/\/www.brkola.cz\/wp-content\/uploads\/2022\/09\/18_FELDENKRAISOVA_METODA_6.mp3<\/a><\/audio>\n<audio class=\"wp-audio-shortcode\" id=\"audio-321-20\" preload=\"none\" style=\"width: 100%;\" controls=\"controls\"><source type=\"audio\/mpeg\" src=\"https:\/\/www.brkola.cz\/wp-content\/uploads\/2022\/09\/19_FELDENKRAISOVA_METODA_6-1.mp3?_=20\" \/><a href=\"https:\/\/www.brkola.cz\/wp-content\/uploads\/2022\/09\/19_FELDENKRAISOVA_METODA_6-1.mp3\">https:\/\/www.brkola.cz\/wp-content\/uploads\/2022\/09\/19_FELDENKRAISOVA_METODA_6-1.mp3<\/a><\/audio>\n<audio class=\"wp-audio-shortcode\" id=\"audio-321-21\" preload=\"none\" style=\"width: 100%;\" controls=\"controls\"><source type=\"audio\/mpeg\" src=\"https:\/\/www.brkola.cz\/wp-content\/uploads\/2022\/09\/20_FELDENKRAISOVA_METODA_6-2.mp3?_=21\" \/><a href=\"https:\/\/www.brkola.cz\/wp-content\/uploads\/2022\/09\/20_FELDENKRAISOVA_METODA_6-2.mp3\">https:\/\/www.brkola.cz\/wp-content\/uploads\/2022\/09\/20_FELDENKRAISOVA_METODA_6-2.mp3<\/a><\/audio>\n<p>Uk\u00e1zky namluvila Petra Oswaldov\u00e1<\/p>\n<p>Rok vyd\u00e1n\u00ed: 2018 (2. vyd\u00e1n\u00ed)<br \/>\nPo\u010det stran: 192<br \/>\nVazba: bro\u017eovan\u00e1<br \/>\nRozm\u011bry: 16 x 19 cm<\/p>\n","protected":false},"excerpt":{"rendered":"<p class=\"p1\"><span class=\"s1\">\u010ctiv\u00e9, p\u0159\u00edb\u011bhov\u011b pojat\u00e9 kazuistiky, jimi\u017e autorka origin\u00e1ln\u011b propojuje Feldenkraisovu metodu s hlasem. Kniha d\u00e1le nab\u00edz\u00ed nezbytn\u00fd teoretick\u00fd vhled jak do u\u010den\u00ed Mosh\u00e9 Feldenkraise, tak do psychosomatick\u00e9ho p\u0159\u00edstupu k hlasu. A obsahuje tak\u00e9 d\u016fkladn\u011b popsan\u00e1 cvi\u010den\u00ed, kter\u00e1 mohou z\u00e1jemci sami praktikovat (jejich audio ke sta\u017een\u00ed na webu nakladatelstv\u00ed).<\/span><\/p>\n","protected":false},"featured_media":323,"template":"","meta":{"inline_featured_image":false,"spay_email":"","jetpack_publicize_message":"","jetpack_is_tweetstorm":false,"jetpack_publicize_feature_enabled":true},"product_brand":[],"product_cat":[52],"product_tag":[63],"class_list":{"0":"post-321","1":"product","2":"type-product","3":"status-publish","4":"has-post-thumbnail","6":"product_cat-psychosomatika","7":"product_tag-petra-oswaldova","9":"first","10":"outofstock","11":"sale","12":"shipping-taxable","13":"purchasable","14":"product-type-simple"},"_links":{"self":[{"href":"https:\/\/www.brkola.cz\/index.php?rest_route=\/wp\/v2\/product\/321","targetHints":{"allow":["GET"]}}],"collection":[{"href":"https:\/\/www.brkola.cz\/index.php?rest_route=\/wp\/v2\/product"}],"about":[{"href":"https:\/\/www.brkola.cz\/index.php?rest_route=\/wp\/v2\/types\/product"}],"wp:featuredmedia":[{"embeddable":true,"href":"https:\/\/www.brkola.cz\/index.php?rest_route=\/wp\/v2\/media\/323"}],"wp:attachment":[{"href":"https:\/\/www.brkola.cz\/index.php?rest_route=%2Fwp%2Fv2%2Fmedia&parent=321"}],"wp:term":[{"taxonomy":"product_brand","embeddable":true,"href":"https:\/\/www.brkola.cz\/index.php?rest_route=%2Fwp%2Fv2%2Fproduct_brand&post=321"},{"taxonomy":"product_cat","embeddable":true,"href":"https:\/\/www.brkola.cz\/index.php?rest_route=%2Fwp%2Fv2%2Fproduct_cat&post=321"},{"taxonomy":"product_tag","embeddable":true,"href":"https:\/\/www.brkola.cz\/index.php?rest_route=%2Fwp%2Fv2%2Fproduct_tag&post=321"}],"curies":[{"name":"wp","href":"https:\/\/api.w.org\/{rel}","templated":true}]}}