{"id":327,"date":"2022-09-10T21:00:09","date_gmt":"2022-09-10T21:00:09","guid":{"rendered":"http:\/\/www.brkola.cz.uvirt121.active24.cz\/?post_type=product&#038;p=327"},"modified":"2026-01-02T10:40:53","modified_gmt":"2026-01-02T10:40:53","slug":"vypravecstvi-jako-pripad-soucasne-slovesne-tvorby","status":"publish","type":"product","link":"https:\/\/www.brkola.cz\/?product=vypravecstvi-jako-pripad-soucasne-slovesne-tvorby","title":{"rendered":"Vyprav\u011b\u010dstv\u00ed jako p\u0159\u00edpad sou\u010dasn\u00e9 slovesn\u00e9 tvorby"},"content":{"rendered":"<p><img loading=\"lazy\" decoding=\"async\" class=\"alignnone wp-image-332 size-full\" src=\"http:\/\/www.brkola.cz.uvirt121.active24.cz\/wp-content\/uploads\/2022\/09\/vypravecc.jpg\" alt=\"\" width=\"1000\" height=\"1000\" srcset=\"https:\/\/www.brkola.cz\/wp-content\/uploads\/2022\/09\/vypravecc.jpg 1000w, https:\/\/www.brkola.cz\/wp-content\/uploads\/2022\/09\/vypravecc-300x300.jpg 300w, https:\/\/www.brkola.cz\/wp-content\/uploads\/2022\/09\/vypravecc-150x150.jpg 150w, https:\/\/www.brkola.cz\/wp-content\/uploads\/2022\/09\/vypravecc-768x768.jpg 768w, https:\/\/www.brkola.cz\/wp-content\/uploads\/2022\/09\/vypravecc-450x450.jpg 450w, https:\/\/www.brkola.cz\/wp-content\/uploads\/2022\/09\/vypravecc-600x600.jpg 600w, https:\/\/www.brkola.cz\/wp-content\/uploads\/2022\/09\/vypravecc-100x100.jpg 100w\" sizes=\"auto, (max-width: 1000px) 100vw, 1000px\" \/><\/p>\n<p>Rok vyd\u00e1n\u00ed: 2013<br \/>\nPo\u010det stran: 184<br \/>\nVazba: bro\u017eovan\u00e1<br \/>\nRozm\u011bry: 16 x 19 cm<\/p>\n","protected":false},"excerpt":{"rendered":"<p class=\"p1\"><span class=\"s1\">Studie o novodob\u00e9m vyprav\u011b\u010dstv\u00ed, kter\u00e1 se op\u00edr\u00e1 o teorie or\u00e1ln\u00ed kultury, autorsk\u00e9ho herectv\u00ed a psychosomatick\u00e9 kondice. Z\u00e1kladn\u00edm inspira\u010dn\u00edm zdrojem jsou p\u0159edev\u0161\u00edm u\u010den\u00ed J. Waltera Onga a Ivana Vysko\u010dila, var\u0161avsk\u00fd mezin\u00e1rodn\u00ed festival vypr\u00e1v\u011bn\u00ed a \u010dinnost polsk\u00e9ho souboru Studnia O. Sou\u010d\u00e1st\u00ed studie jsou tak\u00e9 portr\u00e9ty reprezentativn\u00edho v\u00fdb\u011bru sou\u010dasn\u00fdch evropsk\u00fdch vyprav\u011b\u010d\u016f.<\/span><\/p>\n","protected":false},"featured_media":329,"template":"","meta":{"inline_featured_image":false,"spay_email":"","jetpack_publicize_message":"","jetpack_is_tweetstorm":false,"jetpack_publicize_feature_enabled":true},"product_brand":[],"product_cat":[18,52],"product_tag":[80],"class_list":{"0":"post-327","1":"product","2":"type-product","3":"status-publish","4":"has-post-thumbnail","6":"product_cat-knihy-nejen-pro-divadlo","7":"product_cat-psychosomatika","8":"product_tag-michala-piskacova","10":"first","11":"instock","12":"sale","13":"shipping-taxable","14":"purchasable","15":"product-type-simple"},"_links":{"self":[{"href":"https:\/\/www.brkola.cz\/index.php?rest_route=\/wp\/v2\/product\/327","targetHints":{"allow":["GET"]}}],"collection":[{"href":"https:\/\/www.brkola.cz\/index.php?rest_route=\/wp\/v2\/product"}],"about":[{"href":"https:\/\/www.brkola.cz\/index.php?rest_route=\/wp\/v2\/types\/product"}],"wp:featuredmedia":[{"embeddable":true,"href":"https:\/\/www.brkola.cz\/index.php?rest_route=\/wp\/v2\/media\/329"}],"wp:attachment":[{"href":"https:\/\/www.brkola.cz\/index.php?rest_route=%2Fwp%2Fv2%2Fmedia&parent=327"}],"wp:term":[{"taxonomy":"product_brand","embeddable":true,"href":"https:\/\/www.brkola.cz\/index.php?rest_route=%2Fwp%2Fv2%2Fproduct_brand&post=327"},{"taxonomy":"product_cat","embeddable":true,"href":"https:\/\/www.brkola.cz\/index.php?rest_route=%2Fwp%2Fv2%2Fproduct_cat&post=327"},{"taxonomy":"product_tag","embeddable":true,"href":"https:\/\/www.brkola.cz\/index.php?rest_route=%2Fwp%2Fv2%2Fproduct_tag&post=327"}],"curies":[{"name":"wp","href":"https:\/\/api.w.org\/{rel}","templated":true}]}}