{"id":334,"date":"2022-09-10T21:22:13","date_gmt":"2022-09-10T21:22:13","guid":{"rendered":"http:\/\/www.brkola.cz.uvirt121.active24.cz\/?post_type=product&#038;p=334"},"modified":"2026-01-02T10:40:02","modified_gmt":"2026-01-02T10:40:02","slug":"maminka-neni-doma","status":"publish","type":"product","link":"https:\/\/www.brkola.cz\/?product=maminka-neni-doma","title":{"rendered":"Maminka nen\u00ed doma"},"content":{"rendered":"<p><img loading=\"lazy\" decoding=\"async\" class=\"alignnone wp-image-337\" src=\"http:\/\/www.brkola.cz.uvirt121.active24.cz\/wp-content\/uploads\/2022\/09\/pokorna-2-300x300.jpg\" alt=\"\" width=\"800\" height=\"800\" srcset=\"https:\/\/www.brkola.cz\/wp-content\/uploads\/2022\/09\/pokorna-2-300x300.jpg 300w, https:\/\/www.brkola.cz\/wp-content\/uploads\/2022\/09\/pokorna-2-1024x1024.jpg 1024w, https:\/\/www.brkola.cz\/wp-content\/uploads\/2022\/09\/pokorna-2-150x150.jpg 150w, https:\/\/www.brkola.cz\/wp-content\/uploads\/2022\/09\/pokorna-2-768x768.jpg 768w, https:\/\/www.brkola.cz\/wp-content\/uploads\/2022\/09\/pokorna-2-450x450.jpg 450w, https:\/\/www.brkola.cz\/wp-content\/uploads\/2022\/09\/pokorna-2-600x600.jpg 600w, https:\/\/www.brkola.cz\/wp-content\/uploads\/2022\/09\/pokorna-2-100x100.jpg 100w, https:\/\/www.brkola.cz\/wp-content\/uploads\/2022\/09\/pokorna-2.jpg 1100w\" sizes=\"auto, (max-width: 800px) 100vw, 800px\" \/><\/p>\n<p>Rok vyd\u00e1n\u00ed: 2006<br \/>\nPo\u010det stran: 128<br \/>\nVazba: v\u00e1zan\u00e1<br \/>\nRozm\u011bry: 13 x 19 cm<\/p>\n","protected":false},"excerpt":{"rendered":"<p class=\"p1\">Kn\u00ed\u017eka, ve kter\u00e9 se prol\u00ednaj\u00ed d\u011btsk\u00e9 vzpom\u00ednky na pades\u00e1t\u00e1 l\u00e9ta s groteskn\u00edmi z\u00e1\u017eitky normaliza\u010dn\u00edho bez\u010das\u00ed i listopadov\u00e9 a polistopadov\u00e9 \u00e9ry. Ze z\u00e1bavn\u00e9ho rozpom\u00edn\u00e1n\u00ed, kter\u00e9 svou mluvnost\u00ed a v\u00fdmluvnost\u00ed nezap\u0159e, \u017ee autorka je here\u010dka, vyplouv\u00e1 na povrch hlub\u0161\u00ed p\u0159\u00edb\u011bh o hled\u00e1n\u00ed maminky. T\u00e9 skute\u010dn\u00e9, tragicky ztracen\u00e9 v d\u011btstv\u00ed, i t\u00e9, j\u00ed\u017e se stala vyprav\u011b\u010dka. Ilustroval Jakub Zich.<\/p>\n","protected":false},"featured_media":335,"template":"","meta":{"inline_featured_image":false,"spay_email":"","jetpack_publicize_message":"","jetpack_is_tweetstorm":false,"jetpack_publicize_feature_enabled":true},"product_brand":[],"product_cat":[15],"product_tag":[70],"class_list":{"0":"post-334","1":"product","2":"type-product","3":"status-publish","4":"has-post-thumbnail","6":"product_cat-nezarazene","7":"product_tag-jaroslava-pokorna","9":"first","10":"instock","11":"sale","12":"shipping-taxable","13":"purchasable","14":"product-type-simple"},"_links":{"self":[{"href":"https:\/\/www.brkola.cz\/index.php?rest_route=\/wp\/v2\/product\/334","targetHints":{"allow":["GET"]}}],"collection":[{"href":"https:\/\/www.brkola.cz\/index.php?rest_route=\/wp\/v2\/product"}],"about":[{"href":"https:\/\/www.brkola.cz\/index.php?rest_route=\/wp\/v2\/types\/product"}],"wp:featuredmedia":[{"embeddable":true,"href":"https:\/\/www.brkola.cz\/index.php?rest_route=\/wp\/v2\/media\/335"}],"wp:attachment":[{"href":"https:\/\/www.brkola.cz\/index.php?rest_route=%2Fwp%2Fv2%2Fmedia&parent=334"}],"wp:term":[{"taxonomy":"product_brand","embeddable":true,"href":"https:\/\/www.brkola.cz\/index.php?rest_route=%2Fwp%2Fv2%2Fproduct_brand&post=334"},{"taxonomy":"product_cat","embeddable":true,"href":"https:\/\/www.brkola.cz\/index.php?rest_route=%2Fwp%2Fv2%2Fproduct_cat&post=334"},{"taxonomy":"product_tag","embeddable":true,"href":"https:\/\/www.brkola.cz\/index.php?rest_route=%2Fwp%2Fv2%2Fproduct_tag&post=334"}],"curies":[{"name":"wp","href":"https:\/\/api.w.org\/{rel}","templated":true}]}}