{"id":344,"date":"2022-09-10T22:07:30","date_gmt":"2022-09-10T22:07:30","guid":{"rendered":"http:\/\/www.brkola.cz.uvirt121.active24.cz\/?post_type=product&#038;p=344"},"modified":"2026-01-02T10:39:20","modified_gmt":"2026-01-02T10:39:20","slug":"k-naplnenemu-sdeleni","status":"publish","type":"product","link":"https:\/\/www.brkola.cz\/?product=k-naplnenemu-sdeleni","title":{"rendered":"K napln\u011bn\u00e9mu sd\u011blen\u00ed: sd\u011blnost a v\u011brohodnost v mluvn\u00edm a osobnostn\u00edm projevu sou\u010dasn\u00fdch \u010desk\u00fdch kazatel\u016f"},"content":{"rendered":"<p><span class=\"textbold\">Autorka analyzuje k\u00e1z\u00e1n\u00ed t\u011bchto kn\u011b\u017e\u00ed:<\/span><br \/>\nP. Tomasz Wa\u015bci\u0144ski CSsR<br \/>\nMons. Prof. PhDr. Tom\u00e1\u0161 Hal\u00edk, Th.D.<br \/>\nP. Mgr. Romuald \u0160t\u011bp\u00e1n Rob, OP<br \/>\nMons. Doc. Ing. Mgr. Ale\u0161 Opatrn\u00fd, Th.D.<br \/>\nP. Mgr. er Mgr. Petr Augustin Bene\u0161 CSsR<br \/>\nMons. Ji\u0159\u00ed Pa\u010four OFMCap.<\/p>\n<div class=\"wp-playlist wp-audio-playlist wp-playlist-light\">\n\t\t\t<div class=\"wp-playlist-current-item\"><\/div>\n\t\t<audio controls=\"controls\" preload=\"none\" width=\"640\"\n\t\t\t><\/audio>\n\t<div class=\"wp-playlist-next\"><\/div>\n\t<div class=\"wp-playlist-prev\"><\/div>\n\t<noscript>\n\t<ol>\n\t\t<li><a href='https:\/\/www.brkola.cz\/wp-content\/uploads\/2022\/09\/Tomas_Wascinski_19_10_2011.mp3'>Nahr\u00e1vka 1<\/a><\/li>\t<\/ol>\n\t<\/noscript>\n\t<script type=\"application\/json\" class=\"wp-playlist-script\">{\"type\":\"audio\",\"tracklist\":false,\"tracknumbers\":true,\"images\":false,\"artists\":true,\"tracks\":[{\"src\":\"https:\/\/www.brkola.cz\/wp-content\/uploads\/2022\/09\/Tomas_Wascinski_19_10_2011.mp3\",\"type\":\"audio\/mpeg\",\"title\":\"Nahr\\u00e1vka 1\",\"caption\":\"\",\"description\":\"\",\"meta\":{\"artist\":\"P. Tomasz Wa\\u015bci\\u0144ski CSsR\",\"year\":\"2015\",\"length_formatted\":\"20:15\"},\"image\":{\"src\":\"https:\/\/www.brkola.cz\/wp-includes\/images\/media\/audio.svg\",\"width\":48,\"height\":64},\"thumb\":{\"src\":\"https:\/\/www.brkola.cz\/wp-includes\/images\/media\/audio.svg\",\"width\":48,\"height\":64}}]}<\/script>\n<\/div>\n\t\n<div class=\"wp-playlist wp-audio-playlist wp-playlist-light\">\n\t\t\t<div class=\"wp-playlist-current-item\"><\/div>\n\t\t<audio controls=\"controls\" preload=\"none\" width=\"640\"\n\t\t\t><\/audio>\n\t<div class=\"wp-playlist-next\"><\/div>\n\t<div class=\"wp-playlist-prev\"><\/div>\n\t<noscript>\n\t<ol>\n\t\t<li><a href='https:\/\/www.brkola.cz\/wp-content\/uploads\/2022\/09\/Romuald_Rob_Zeleny_ctvrtek_2007.mp3'>Nahr\u00e1vka 2<\/a><\/li>\t<\/ol>\n\t<\/noscript>\n\t<script type=\"application\/json\" class=\"wp-playlist-script\">{\"type\":\"audio\",\"tracklist\":false,\"tracknumbers\":true,\"images\":true,\"artists\":true,\"tracks\":[{\"src\":\"https:\/\/www.brkola.cz\/wp-content\/uploads\/2022\/09\/Romuald_Rob_Zeleny_ctvrtek_2007.mp3\",\"type\":\"audio\/mpeg\",\"title\":\"Nahr\\u00e1vka 2\",\"caption\":\"\",\"description\":\"Skladba \\\"Romuald_Rob_Zeleny_ctvrtek_2007\\\". Vyd\\u00e1no: 2015.\",\"meta\":{\"artist\":\"P. Mgr. Romuald \\u0160t\\u011bp\\u00e1n Rob, OP\",\"year\":\"2015\",\"length_formatted\":\"8:05\"},\"image\":{\"src\":\"https:\/\/www.brkola.cz\/wp-includes\/images\/media\/audio.svg\",\"width\":48,\"height\":64},\"thumb\":{\"src\":\"https:\/\/www.brkola.cz\/wp-includes\/images\/media\/audio.svg\",\"width\":48,\"height\":64}}]}<\/script>\n<\/div>\n\t\n<div class=\"wp-playlist wp-audio-playlist wp-playlist-light\">\n\t\t\t<div class=\"wp-playlist-current-item\"><\/div>\n\t\t<audio controls=\"controls\" preload=\"none\" width=\"640\"\n\t\t\t><\/audio>\n\t<div class=\"wp-playlist-next\"><\/div>\n\t<div class=\"wp-playlist-prev\"><\/div>\n\t<noscript>\n\t<ol>\n\t\t<li><a href='https:\/\/www.brkola.cz\/wp-content\/uploads\/2022\/09\/Petr_Benes_15_8_2012.mp3'>Nahr\u00e1vka 3<\/a><\/li>\t<\/ol>\n\t<\/noscript>\n\t<script type=\"application\/json\" class=\"wp-playlist-script\">{\"type\":\"audio\",\"tracklist\":false,\"tracknumbers\":true,\"images\":true,\"artists\":true,\"tracks\":[{\"src\":\"https:\/\/www.brkola.cz\/wp-content\/uploads\/2022\/09\/Petr_Benes_15_8_2012.mp3\",\"type\":\"audio\/mpeg\",\"title\":\"Nahr\\u00e1vka 3\",\"caption\":\"\",\"description\":\"Skladba \\\"Petr_Benes_15_8_2012\\\". Vyd\\u00e1no: 2015.\",\"meta\":{\"artist\":\"P. Mgr. er Mgr. Petr Augustin Bene\\u0161 CSsR\",\"year\":\"2015\",\"length_formatted\":\"7:40\"},\"image\":{\"src\":\"https:\/\/www.brkola.cz\/wp-includes\/images\/media\/audio.svg\",\"width\":48,\"height\":64},\"thumb\":{\"src\":\"https:\/\/www.brkola.cz\/wp-includes\/images\/media\/audio.svg\",\"width\":48,\"height\":64}}]}<\/script>\n<\/div>\n\t\n<div class=\"wp-playlist wp-audio-playlist wp-playlist-light\">\n\t\t\t<div class=\"wp-playlist-current-item\"><\/div>\n\t\t<audio controls=\"controls\" preload=\"none\" width=\"640\"\n\t\t\t><\/audio>\n\t<div class=\"wp-playlist-next\"><\/div>\n\t<div class=\"wp-playlist-prev\"><\/div>\n\t<noscript>\n\t<ol>\n\t\t<li><a href='https:\/\/www.brkola.cz\/wp-content\/uploads\/2022\/09\/Jiri_Padour_15_8_2012.mp3'>Nahr\u00e1vka 4<\/a><\/li>\t<\/ol>\n\t<\/noscript>\n\t<script type=\"application\/json\" class=\"wp-playlist-script\">{\"type\":\"audio\",\"tracklist\":false,\"tracknumbers\":true,\"images\":true,\"artists\":true,\"tracks\":[{\"src\":\"https:\/\/www.brkola.cz\/wp-content\/uploads\/2022\/09\/Jiri_Padour_15_8_2012.mp3\",\"type\":\"audio\/mpeg\",\"title\":\"Nahr\\u00e1vka 4\",\"caption\":\"\",\"description\":\"Skladba \\\"Jiri_Padour_15_8_2012\\\". Vyd\\u00e1no: 2015.\",\"meta\":{\"artist\":\"Mons. Ji\\u0159\\u00ed Pa\\u010four OFMCap.\",\"year\":\"2015\",\"length_formatted\":\"22:15\"},\"image\":{\"src\":\"https:\/\/www.brkola.cz\/wp-includes\/images\/media\/audio.svg\",\"width\":48,\"height\":64},\"thumb\":{\"src\":\"https:\/\/www.brkola.cz\/wp-includes\/images\/media\/audio.svg\",\"width\":48,\"height\":64}}]}<\/script>\n<\/div>\n\t\n<p class=\"p1\">Rok vyd\u00e1n\u00ed: 2014<br \/>\nPo\u010det stran: 242<br \/>\nVazba: bro\u017eovan\u00e1<br \/>\nRozm\u011bry: 16 x 19 cm<\/p>\n","protected":false},"excerpt":{"rendered":"<p class=\"p1\"><span class=\"s1\">\u201eAutorka obez\u0159etn\u011b vybrala a oslovila \u0161est renomovan\u00fdch kazatel\u016f, jejich\u017e promluvy znale komentuje, reflektuje i analyzuje. Jej\u00edm c\u00edlem nebylo zmapovat sou\u010dasnou situaci \u010desk\u00e9ho kazatelstv\u00ed jako celku, ale na vybran\u00e9m vzorku t\u011bchto kazatel\u016f se pokusit zorientovat se v problematice a zkusmo nab\u00eddnout terminologii i postupy, jak se k t\u00e9matu d\u00e1le vztahovat. Lze m\u00edt za to, \u017ee to se autorce nem\u00e1lo zda\u0159ilo.\u201c Prof. Ivan Vysko\u010dil, DAMU.<\/span><\/p>\n","protected":false},"featured_media":345,"template":"","meta":{"inline_featured_image":false,"spay_email":"","jetpack_publicize_message":"","jetpack_is_tweetstorm":false,"jetpack_publicize_feature_enabled":true},"product_brand":[],"product_cat":[18,52],"product_tag":[67],"class_list":{"0":"post-344","1":"product","2":"type-product","3":"status-publish","4":"has-post-thumbnail","6":"product_cat-knihy-nejen-pro-divadlo","7":"product_cat-psychosomatika","8":"product_tag-irena-pulicarova","10":"first","11":"instock","12":"sale","13":"shipping-taxable","14":"purchasable","15":"product-type-simple"},"_links":{"self":[{"href":"https:\/\/www.brkola.cz\/index.php?rest_route=\/wp\/v2\/product\/344","targetHints":{"allow":["GET"]}}],"collection":[{"href":"https:\/\/www.brkola.cz\/index.php?rest_route=\/wp\/v2\/product"}],"about":[{"href":"https:\/\/www.brkola.cz\/index.php?rest_route=\/wp\/v2\/types\/product"}],"wp:featuredmedia":[{"embeddable":true,"href":"https:\/\/www.brkola.cz\/index.php?rest_route=\/wp\/v2\/media\/345"}],"wp:attachment":[{"href":"https:\/\/www.brkola.cz\/index.php?rest_route=%2Fwp%2Fv2%2Fmedia&parent=344"}],"wp:term":[{"taxonomy":"product_brand","embeddable":true,"href":"https:\/\/www.brkola.cz\/index.php?rest_route=%2Fwp%2Fv2%2Fproduct_brand&post=344"},{"taxonomy":"product_cat","embeddable":true,"href":"https:\/\/www.brkola.cz\/index.php?rest_route=%2Fwp%2Fv2%2Fproduct_cat&post=344"},{"taxonomy":"product_tag","embeddable":true,"href":"https:\/\/www.brkola.cz\/index.php?rest_route=%2Fwp%2Fv2%2Fproduct_tag&post=344"}],"curies":[{"name":"wp","href":"https:\/\/api.w.org\/{rel}","templated":true}]}}