{"id":463,"date":"2022-09-20T08:43:59","date_gmt":"2022-09-20T08:43:59","guid":{"rendered":"http:\/\/www.brkola.cz.uvirt121.active24.cz\/?post_type=product&#038;p=463"},"modified":"2024-12-02T14:27:19","modified_gmt":"2024-12-02T14:27:19","slug":"premysl-rut-a-okolostola-pisne-ceskeho-divadla-pisne-ceskeho-obrozeni","status":"publish","type":"product","link":"https:\/\/www.brkola.cz\/?product=premysl-rut-a-okolostola-pisne-ceskeho-divadla-pisne-ceskeho-obrozeni","title":{"rendered":"P\u0159emysl Rut a Okolostola: P\u00edsn\u011b \u010desk\u00e9ho obrozen\u00ed \/ P\u00edsn\u011b \u010desk\u00e9ho divadla"},"content":{"rendered":"<p>Uk\u00e1zky:<\/p>\n<div class=\"wp-playlist wp-audio-playlist wp-playlist-light\">\n\t\t\t<div class=\"wp-playlist-current-item\"><\/div>\n\t\t<audio controls=\"controls\" preload=\"none\" width=\"640\"\n\t\t\t><\/audio>\n\t<div class=\"wp-playlist-next\"><\/div>\n\t<div class=\"wp-playlist-prev\"><\/div>\n\t<noscript>\n\t<ol>\n\t\t<li><a href='https:\/\/www.brkola.cz\/wp-content\/uploads\/2022\/09\/premysl-rut-tlukot-srdce.wav'>P\u0159emysl Rut: Tlukot srdce<\/a><\/li>\t<\/ol>\n\t<\/noscript>\n\t<script type=\"application\/json\" class=\"wp-playlist-script\">{\"type\":\"audio\",\"tracklist\":false,\"tracknumbers\":true,\"images\":false,\"artists\":true,\"tracks\":[{\"src\":\"https:\/\/www.brkola.cz\/wp-content\/uploads\/2022\/09\/premysl-rut-tlukot-srdce.wav\",\"type\":\"audio\/wav\",\"title\":\"P\\u0159emysl Rut: Tlukot srdce\",\"caption\":\"\",\"description\":\"\",\"meta\":{\"artist\":\"P\\u0159emysl Rut\",\"length_formatted\":\"6:45:48\"},\"image\":{\"src\":\"https:\/\/www.brkola.cz\/wp-includes\/images\/media\/audio.svg\",\"width\":48,\"height\":64},\"thumb\":{\"src\":\"https:\/\/www.brkola.cz\/wp-includes\/images\/media\/audio.svg\",\"width\":48,\"height\":64}}]}<\/script>\n<\/div>\n\t\n<div class=\"wp-playlist wp-audio-playlist wp-playlist-light\">\n\t\t\t<div class=\"wp-playlist-current-item\"><\/div>\n\t\t<audio controls=\"controls\" preload=\"none\" width=\"640\"\n\t\t\t><\/audio>\n\t<div class=\"wp-playlist-next\"><\/div>\n\t<div class=\"wp-playlist-prev\"><\/div>\n\t<noscript>\n\t<ol>\n\t\t<li><a href='https:\/\/www.brkola.cz\/wp-content\/uploads\/2022\/09\/martina-kafkova-vecerni.wav'>Martina Kafkov\u00e1: Ve\u010dern\u00ed<\/a><\/li>\t<\/ol>\n\t<\/noscript>\n\t<script type=\"application\/json\" class=\"wp-playlist-script\">{\"type\":\"audio\",\"tracklist\":false,\"tracknumbers\":true,\"images\":true,\"artists\":true,\"tracks\":[{\"src\":\"https:\/\/www.brkola.cz\/wp-content\/uploads\/2022\/09\/martina-kafkova-vecerni.wav\",\"type\":\"audio\/wav\",\"title\":\"Martina Kafkov\\u00e1: Ve\\u010dern\\u00ed\",\"caption\":\"\",\"description\":\"Skladba \\\"martina-kafkova-vecerni\\\".\",\"meta\":{\"artist\":\"Martina Kafkov\\u00e1\",\"length_formatted\":\"6:45:48\"},\"image\":{\"src\":\"https:\/\/www.brkola.cz\/wp-includes\/images\/media\/audio.svg\",\"width\":48,\"height\":64},\"thumb\":{\"src\":\"https:\/\/www.brkola.cz\/wp-includes\/images\/media\/audio.svg\",\"width\":48,\"height\":64}}]}<\/script>\n<\/div>\n\t\n<p>&nbsp;<\/p>\n<p class=\"p1\">2x CD, 1x booklet<\/p>\n","protected":false},"excerpt":{"rendered":"<p class=\"p1\">Dvojalbum poskytuje vz\u00e1cnou p\u0159\u00edle\u017eitost naslouchat reperto\u00e1ru uveden\u00e9mu v titulu v\u00a0cel\u00e9m jeho rozp\u011bt\u00ed. Nab\u00edz\u00ed celkem 34 p\u00edsn\u00ed z\u00a0let 1833\u20131924 od ohlas\u016f p\u00edsn\u00ed lidov\u00fdch (\u010celakovsk\u00fd) p\u0159es milostn\u00fd zp\u011bv \u010desk\u00e9ho romantismu a biedermeieru (Chmelensk\u00fd, Hn\u011bvkovsk\u00fd, Hanka, Mach\u00e1\u010dek, Rube\u0161), p\u00edsn\u011b zn\u011bj\u00edc\u00ed\u00a0d\u016fv\u011b\u0159ivou a v\u011brohodnou zbo\u017enost\u00ed (Janura, Marek, Furch) a\u017e k \u00fasm\u011bvn\u00fdm i mravok\u00e1rn\u00fdm p\u00edsn\u00edm v\u011bt\u0161\u00edch i mal\u00fdch sc\u00e9n, divadeln\u00edch i hospodsk\u00fdch p\u00f3di\u00ed (Tyl, Mo\u0161na, \u0160m\u00edd, Ha\u0161ler) a na chvilku se zastav\u00ed i u zp\u011bv\u00e1ka pouli\u010dn\u00edho (Hais). V\u011bt\u0161ina p\u00edsn\u00ed je tu nato\u010dena v\u016fbec poprv\u00e9.<span class=\"Apple-converted-space\"> \u00da\u010dinkuj\u00ed Martina Kafkov\u00e1, Mark\u00e9ta Potu\u017e\u00e1kov\u00e1 a P\u0159emysl Rut.<br \/>\n<\/span><\/p>\n","protected":false},"featured_media":466,"template":"","meta":{"inline_featured_image":false,"spay_email":"","jetpack_publicize_message":"","jetpack_is_tweetstorm":false,"jetpack_publicize_feature_enabled":true},"product_brand":[],"product_cat":[83],"product_tag":[24],"class_list":{"0":"post-463","1":"product","2":"type-product","3":"status-publish","4":"has-post-thumbnail","6":"product_cat-cd","7":"product_tag-premysl-rut","9":"first","10":"instock","11":"sale","12":"shipping-taxable","13":"purchasable","14":"product-type-simple"},"_links":{"self":[{"href":"https:\/\/www.brkola.cz\/index.php?rest_route=\/wp\/v2\/product\/463","targetHints":{"allow":["GET"]}}],"collection":[{"href":"https:\/\/www.brkola.cz\/index.php?rest_route=\/wp\/v2\/product"}],"about":[{"href":"https:\/\/www.brkola.cz\/index.php?rest_route=\/wp\/v2\/types\/product"}],"wp:featuredmedia":[{"embeddable":true,"href":"https:\/\/www.brkola.cz\/index.php?rest_route=\/wp\/v2\/media\/466"}],"wp:attachment":[{"href":"https:\/\/www.brkola.cz\/index.php?rest_route=%2Fwp%2Fv2%2Fmedia&parent=463"}],"wp:term":[{"taxonomy":"product_brand","embeddable":true,"href":"https:\/\/www.brkola.cz\/index.php?rest_route=%2Fwp%2Fv2%2Fproduct_brand&post=463"},{"taxonomy":"product_cat","embeddable":true,"href":"https:\/\/www.brkola.cz\/index.php?rest_route=%2Fwp%2Fv2%2Fproduct_cat&post=463"},{"taxonomy":"product_tag","embeddable":true,"href":"https:\/\/www.brkola.cz\/index.php?rest_route=%2Fwp%2Fv2%2Fproduct_tag&post=463"}],"curies":[{"name":"wp","href":"https:\/\/api.w.org\/{rel}","templated":true}]}}