{"id":886,"date":"2023-08-01T18:30:13","date_gmt":"2023-08-01T18:30:13","guid":{"rendered":"https:\/\/www.brkola.cz\/?post_type=product&#038;p=886"},"modified":"2026-01-02T10:30:13","modified_gmt":"2026-01-02T10:30:13","slug":"divoke-napady-v-bezpecnem-prostredi-pruvodce-tymovou-tvorivosti","status":"publish","type":"product","link":"https:\/\/www.brkola.cz\/?product=divoke-napady-v-bezpecnem-prostredi-pruvodce-tymovou-tvorivosti","title":{"rendered":"Divok\u00e9 n\u00e1pady v bezpe\u010dn\u00e9m prost\u0159ed\u00ed: pr\u016fvodce pro t\u00fdmovou tvo\u0159ivost"},"content":{"rendered":"<p>\u201eEva m\u00e1 zku\u0161enosti nejen ze sv\u011bta korpor\u00e1tn\u00edch porad na t\u00e9ma prodeje su\u0161enek \u010di piva, ale tak\u00e9 z um\u011bleck\u00e9ho prost\u0159ed\u00ed. My\u0161lenky uveden\u00e9 v jej\u00ed kn\u00ed\u017ece vypl\u00fdvaj\u00ed z bezpo\u010dtu lidsk\u00fdch setk\u00e1n\u00ed, p\u0159\u00edb\u011bh\u016f a omyl\u016f. Chcete b\u00fdt tv\u016fr\u010d\u00ed? Mus\u00edte b\u00fdt zv\u011bdav\u00ed. Pt\u00e1t se, kde je va\u0161e m\u00edsto. A pak vykro\u010dit z ticha samoty a tvo\u0159it s druh\u00fdmi. Eva v\u00e1m uk\u00e1\u017ee jak.\u201c David V\u00e1vra, architekt, herec a b\u00e1sn\u00edk, zakladatel divadla Sklep Eva Blechov\u00e1 (1968) pracovala jako \u0159editelka kabinetu ministra zahrani\u010d\u00ed a konzultantka ve spole\u010dnosti McKinsey &amp; Company. Posledn\u00edch patn\u00e1ct let vede rozvojov\u00e9 workshopy pro vrcholov\u00e9 mana\u017eery po cel\u00e9m sv\u011bt\u011b \u2013 od Plzn\u011b p\u0159es Boston a\u017e po Nov\u00e9 Dill\u00ed. Soub\u011b\u017en\u011b se v\u011bnuje divadlu, rozhlasov\u00fdm dokument\u016fm a psan\u00ed. Obh\u00e1jila doktor\u00e1t na kated\u0159e autorsk\u00e9 tvorby a pedagogiky DAMU. Jej\u00ed rozhlasov\u00e9 hry z\u00edskaly n\u011bkolik ocen\u011bn\u00ed, nap\u0159\u00edklad v sout\u011b\u017e\u00edch BBC Audio Awards, Prix Maruli\u0107 nebo Prix Bohemia. \u017dije st\u0159\u00eddav\u011b v Lond\u00fdn\u011b a Praze. Ve voln\u00e9m \u010dase se u\u010d\u00ed hindsky, bojuje s kunou na p\u016fd\u011b a b\u011bh\u00e1.<\/p>\n<p><a href=\"http:\/\/www.evablechova.com\">www.evablechova.com<\/a><\/p>\n<p>&nbsp;<\/p>\n<p><strong>Recenze Jitka Holasov\u00e9 z Psychologie dnes:<\/strong><\/p>\n<p data-start=\"217\" data-end=\"1301\">Co je pot\u0159eba pro to, abychom mohli b\u00fdt kreativn\u00ed a tvo\u0159it? Pro\u010d je pro t\u00fdm kl\u00ed\u010dov\u00fd pocit bezpe\u010d\u00ed? A jak podpo\u0159it ka\u017ed\u00e9ho v t\u00fdmu, aby mohl naj\u00edt svou roli, sv\u00e9 m\u00edsto a sd\u00edlet v t\u00fdmu to nejlep\u0161\u00ed, co je pr\u00e1v\u011b v n\u011bm?<br data-start=\"430\" data-end=\"433\" \/>Eva Blechov\u00e1 vystudovala psychologii a management ve Francii, po mnoha letech v podnik\u00e1n\u00ed a byznysov\u00e9m prost\u0159ed\u00ed se vr\u00e1tila k ji\u017e kari\u00e9\u0159e: setk\u00e1v\u00e1n\u00ed s lidem a u\u010den\u00edm na pra\u017esk\u00e9 DAMU a veden\u00edm lekc\u00ed dialogick\u00e9ho jedn\u00e1n\u00ed, kter\u00e9 vytv\u00e1\u0159\u00ed velmi bezpe\u010dn\u00e9 prost\u0159ed\u00ed pro improvizaci, radostn\u00e9 sebevyj\u00e1d\u0159en\u00ed i hlub\u0161\u00ed porozum\u011bn\u00ed.<br data-start=\"752\" data-end=\"755\" \/>V t\u00e9to knize, kter\u00e1 vznikala ve spolupr\u00e1ci s ilustr\u00e1torkou Ester Vodi\u010dkovou, propojuje sv\u00e9 zku\u0161enosti z kvalitativn\u00edch psychologick\u00fdch v\u00fdzkum\u016f na toto t\u00e9ma. Z n\u00ed vznikla t\u0159\u00edf\u00e1zov\u00e1 metoda \u2014 jak bezpe\u010dn\u011b \u201eotev\u0159\u00edt t\u00fdm\u201c, jak se st\u00e1t tvo\u0159iv\u011b vn\u00edmav\u00fdm a jak tak\u00e9 pracovat s chybou skrze kreativn\u00ed vyj\u00e1d\u0159en\u00ed, a\u0165 u\u017e je to kresba, metafora, strategie, animace \u010di cokoliv dal\u0161\u00edho. Kniha je protkan\u00e1 kr\u00e1tk\u00fdmi p\u0159\u00edb\u011bhy, osobn\u00edmi post\u0159ehy, lehkou rukou ilustrovan\u00e1, aby se v n\u00ed dalo snadno listovat a \u201ekompostovat chyby\u201c \u010di jak pracovat s motivac\u00ed nebo studem.<\/p>\n<p data-start=\"1303\" data-end=\"1341\">\n<p>Rok vyd\u00e1n\u00ed: 2022<br \/>\nPo\u010det stran: 232<br \/>\nVazba: bro\u017eovan\u00e1<br \/>\nRozm\u011bry: 16 x 20 cm<\/p>\n<p><iframe loading=\"lazy\" title=\"K\u0159est: Boleslav Keprt a Eva Blechov\u00e1\" width=\"500\" height=\"281\" src=\"https:\/\/www.youtube.com\/embed\/meLhlEMbwyM?feature=oembed\" frameborder=\"0\" allow=\"accelerometer; autoplay; clipboard-write; encrypted-media; gyroscope; picture-in-picture; web-share\" referrerpolicy=\"strict-origin-when-cross-origin\" allowfullscreen><\/iframe><\/p>\n","protected":false},"excerpt":{"rendered":"<p>A\u0165 u\u017e \u0159e\u0161\u00edte marketingovou strategii, divadeln\u00ed hru, nebo t\u0159eba klimatickou zm\u011bnu, dv\u011b v\u011bci m\u00e1te spole\u010dn\u00e9. Pot\u0159ebujete naj\u00edt tvo\u0159iv\u00e9 \u0159e\u0161en\u00ed \u2013 a pracovat na n\u011bm v t\u00fdmu. Tato kniha v\u00e1m pom\u016f\u017ee objevit zp\u016fsoby, jak t\u00fdmovou tvo\u0159ivost podporovat a rozv\u00edjet.<\/p>\n","protected":false},"featured_media":887,"template":"","meta":{"inline_featured_image":false,"spay_email":"","jetpack_publicize_message":"","jetpack_is_tweetstorm":false,"jetpack_publicize_feature_enabled":true},"product_brand":[],"product_cat":[18,52],"product_tag":[91],"class_list":{"0":"post-886","1":"product","2":"type-product","3":"status-publish","4":"has-post-thumbnail","6":"product_cat-knihy-nejen-pro-divadlo","7":"product_cat-psychosomatika","8":"product_tag-eva-blechova","10":"first","11":"instock","12":"sale","13":"shipping-taxable","14":"purchasable","15":"product-type-simple"},"_links":{"self":[{"href":"https:\/\/www.brkola.cz\/index.php?rest_route=\/wp\/v2\/product\/886","targetHints":{"allow":["GET"]}}],"collection":[{"href":"https:\/\/www.brkola.cz\/index.php?rest_route=\/wp\/v2\/product"}],"about":[{"href":"https:\/\/www.brkola.cz\/index.php?rest_route=\/wp\/v2\/types\/product"}],"wp:featuredmedia":[{"embeddable":true,"href":"https:\/\/www.brkola.cz\/index.php?rest_route=\/wp\/v2\/media\/887"}],"wp:attachment":[{"href":"https:\/\/www.brkola.cz\/index.php?rest_route=%2Fwp%2Fv2%2Fmedia&parent=886"}],"wp:term":[{"taxonomy":"product_brand","embeddable":true,"href":"https:\/\/www.brkola.cz\/index.php?rest_route=%2Fwp%2Fv2%2Fproduct_brand&post=886"},{"taxonomy":"product_cat","embeddable":true,"href":"https:\/\/www.brkola.cz\/index.php?rest_route=%2Fwp%2Fv2%2Fproduct_cat&post=886"},{"taxonomy":"product_tag","embeddable":true,"href":"https:\/\/www.brkola.cz\/index.php?rest_route=%2Fwp%2Fv2%2Fproduct_tag&post=886"}],"curies":[{"name":"wp","href":"https:\/\/api.w.org\/{rel}","templated":true}]}}